{"id":318,"date":"2021-05-26T15:42:09","date_gmt":"2021-05-26T15:42:09","guid":{"rendered":"https:\/\/nanomakers.fr\/?page_id=318"},"modified":"2021-10-18T13:02:57","modified_gmt":"2021-10-18T11:02:57","slug":"mentions-legales","status":"publish","type":"page","link":"https:\/\/nanomakers.fr\/en\/mentions-legales\/","title":{"rendered":"Legal Notice"},"content":{"rendered":"<p>[et_pb_section fb_built=\u00a0\u00bb1&Prime; _builder_version=\u00a0\u00bb4.9.2&Prime; _module_preset=\u00a0\u00bbdefault\u00a0\u00bb][et_pb_row column_structure=\u00a0\u00bb1_2,1_2&Prime; _builder_version=\u00a0\u00bb4.9.2&Prime; _module_preset=\u00a0\u00bbdefault\u00a0\u00bb][et_pb_column type=\u00a0\u00bb1_2&Prime; _builder_version=\u00a0\u00bb4.9.2&Prime; _module_preset=\u00a0\u00bbdefault\u00a0\u00bb][et_pb_text _builder_version=\u00a0\u00bb4.9.2&Prime; _module_preset=\u00a0\u00bbdefault\u00a0\u00bb hover_enabled=\u00a0\u00bb0&Prime; sticky_enabled=\u00a0\u00bb0&Prime;]<\/p>\n<h2>NANOMAKERS<\/h2>\n<p>Est le propri\u00e9taire du pr\u00e9sent site<br \/><span>1 Rue de Clairefontaine,<\/span><br \/><span>78 120 RAMBOUILLET,<\/span><br \/>T\u00e9l\u00e9phone: <span>+33-134-836-300<\/span><br \/>Siret: <span>519 397 442 00020<\/span><br \/>Responsable Contenu : NanoMakers<br \/>DPO : NanoMakers<\/p>\n<p>[\/et_pb_text][\/et_pb_column][et_pb_column type=\u00a0\u00bb1_2&Prime; _builder_version=\u00a0\u00bb4.9.2&Prime; _module_preset=\u00a0\u00bbdefault\u00a0\u00bb][et_pb_text _builder_version=\u00a0\u00bb4.9.2&Prime; _module_preset=\u00a0\u00bbdefault\u00a0\u00bb]<\/p>\n<div class=\"hebergement\">\n<p><a href=\"https:\/\/ressources.synexta.fr\/\">Cr\u00e9ation par Synexta<\/a><\/p>\n<div class=\"soustitre_syn\">\n<p>webdesign, strat\u00e9gie et gestion de projets<\/p>\n<\/div>\n<div>\n<p>1 rue de Clairefontaine<br \/>78120 Rambouillet<\/p>\n<\/div>\n<div class=\"ref\">\n<p><a href=\"https:\/\/ressources.synexta.fr\/\">web : synexta.fr<\/a><br \/>T\u00e9l\u00e9phone : (+33) (0)1.85.77.11.44<\/p>\n<p>&nbsp;<\/p>\n<\/div>\n<\/div>\n<div class=\"hebergement\">\n<div class=\"coordonnees\"><strong>H\u00e9bergement : CONTABO<\/strong><\/div>\n<div>\n<p>Aschauer Str. 32a,<br \/>81549 M\u00fcnchen, Allemagne<\/p>\n<\/div>\n<\/div>\n<p>[\/et_pb_text][\/et_pb_column][\/et_pb_row][et_pb_row module_class=\u00a0\u00bbmention_legale_txt\u00a0\u00bb _builder_version=\u00a0\u00bb4.9.2&Prime; _module_preset=\u00a0\u00bbdefault\u00a0\u00bb custom_padding=\u00a0\u00bb50px|||||\u00a0\u00bb][et_pb_column type=\u00a0\u00bb4_4&Prime; _builder_version=\u00a0\u00bb4.9.2&Prime; _module_preset=\u00a0\u00bbdefault\u00a0\u00bb][et_pb_text _builder_version=\u00a0\u00bb4.9.2&Prime; _module_preset=\u00a0\u00bbdefault\u00a0\u00bb]<\/p>\n<h2 class=\"western\">LIMITES DE RESPONSABILIT\u00c9<\/h2>\n<p><span>Si vous constatez une lacune, erreur ou ce qui para\u00eet \u00eatre un dysfonctionnement, merci de bien vouloir le signaler en d\u00e9crivant le probl\u00e8me de la mani\u00e8re la plus pr\u00e9cise possible (page posant probl\u00e8me, action d\u00e9clenchante, type d\u2019ordinateur et de navigateur utilis\u00e9, \u2026). Tout contenu t\u00e9l\u00e9charg\u00e9 se fait aux risques et p\u00e9rils de l\u2019utilisateur et sous sa seule responsabilit\u00e9. En cons\u00e9quence, le propri\u00e9taire du pr\u00e9sent site ne saurait \u00eatre tenu responsable d\u2019un quelconque dommage subi par l\u2019ordinateur de l\u2019utilisateur ou d\u2019une quelconque perte de donn\u00e9es cons\u00e9cutifs au t\u00e9l\u00e9chargement.<\/span><br \/><span>Les liens hypertexte mis en place dans le cadre du pr\u00e9sent site internet en direction d\u2019autres ressources pr\u00e9sentes sur le r\u00e9seau Internet ne sauraient engager la responsabilit\u00e9 du propri\u00e9taire du pr\u00e9sent site.<\/span><\/p>\n<p><span><\/span><\/p>\n<h2 class=\"western\">LITIGES<\/h2>\n<p><span>Les pr\u00e9sentes conditions sont r\u00e9gies par les lois fran\u00e7aises et toute contestation ou litige qui pourraient na\u00eetre de l\u2019interpr\u00e9tation ou de l\u2019ex\u00e9cution de celles-ci seront de la comp\u00e9tence exclusive des tribunaux dont d\u00e9pend le si\u00e8ge social du propri\u00e9taire du pr\u00e9sent site. La langue de r\u00e9f\u00e9rence, pour le r\u00e8glement de contentieux \u00e9ventuels, est le fran\u00e7ais.<\/span><\/p>\n<p><span><\/span><\/p>\n<h2 class=\"western\">PROPRI\u00c9T\u00c9 INTELLECTUELLE<\/h2>\n<p><span>Le contenu du pr\u00e9sent site, incluant, de fa\u00e7on non limitative, les textes, graphismes, images, vid\u00e9os, animations, sons, logos, documents et ic\u00f4nes ainsi que leur mise en forme sont la propri\u00e9t\u00e9 exclusive du propri\u00e9taire du pr\u00e9sent site, conform\u00e9ment au droit fran\u00e7ais de la propri\u00e9t\u00e9 intellectuelle.<\/span><br \/><span>Toutes reproduction, distribution, modification, adaptation, retransmission ou publication, m\u00eame partielle, et par quelque proc\u00e9d\u00e9 que ce soit, de ces diff\u00e9rents \u00e9l\u00e9ments sont strictement interdites sans accord expr\u00e8s (par \u00e9crit) du propri\u00e9taire, sauf \u00e0 constituer une contrefa\u00e7on au sens des articles L.3335-2 et suivants du Code de la propri\u00e9t\u00e9 intellectuelle, et engageant les responsabilit\u00e9s civile et p\u00e9nale du contrefacteur.<\/span><\/p>\n<p><span><\/span><\/p>\n<h2 class=\"western\" id=\"vieprivee\">COLLECTE D\u2019INFORMATIONS<\/h2>\n<p><span>Toutes les op\u00e9rations sur ce site sont effectu\u00e9es via un protocole SSL et donc s\u00e9curis\u00e9 pendant leur transfert depuis votre ordinateur \u00e0 notre serveur. Nous collectons, via ce site internet, les informations suivantes:<\/span><br \/><span>Via les formulaires de contact: toute information que le visiteur aura choisi d\u2019y faire figurer. Ce formulaire n\u2019est pas stock\u00e9 sur le serveur du pr\u00e9sent site internet mais est relay\u00e9 comme email directement.<\/span><br \/><span>Aucune exploitation \u201cautre\u201d n\u2019en sera faite sur ce site. Vous pouvez exercer un \u201cdroit \u00e0 l\u2019oubli\u201d num\u00e9rique, par simple demande par courrier postal recommand\u00e9 avec accus\u00e9 de r\u00e9ception adress\u00e9 au propri\u00e9taire du pr\u00e9sent site.<\/span><br \/><span>Apr\u00e8s r\u00e9ception, votre demande sera trait\u00e9e sous 15 jours ouvr\u00e9s. Sans demande de votre part, les emails ainsi cr\u00e9\u00e9s sont stock\u00e9s 24 mois.<\/span><br \/><span>Si vous envoyez un formulaire ou si vous effectuez le t\u00e9l\u00e9chargement d\u2019une ressource de notre site, alors votre IP sera enregistr\u00e9 avec cette op\u00e9ration, ceci principalement pour des raisons de s\u00e9curit\u00e9 et pour lutter contre les spam. Aucun autre usage n\u2019en sera fait sauf \u00e0 justifier de votre action sur le site en cas de contestation.<\/span><br \/><span>Si vous avez un compte d\u2019utilisateur sur notre site et que vous proc\u00e9dez \u00e0 une identification (en vu d\u2019acc\u00e9der \u00e0 votre espace client par exemple) un cookie d\u2019identification sera d\u00e9pos\u00e9 afin de tracer vos actions. Ces informations \u00e9tant uniquement \u00e0 but s\u00e9curitaire, leur stockage s\u2019effectue pour une dur\u00e9e de 2 ans. Nous effectuons des analyses statistiques des visiteurs et de leurs actions sur notre site. Cet enregistrement est anonymis\u00e9 (par la suppression des derniers chiffres de votre adresse IP). Par cons\u00e9quent, nous ne pouvons pas supprimer ces donn\u00e9es de notre syst\u00e8me puisqu\u2019\u00e0 aucun moment elles ne peuvent \u00eatre rattach\u00e9es clairement \u00e0 un utilisateur pr\u00e9cis.<\/span><br \/><span>Si vous avez souscrit \u00e0 notre newsletter, vous pouvez \u00e0 tout moment demander la suppression de cette liste de diffusion, par simple e-mail (formulaire de contact) ou alors en suivant le lien de d\u00e9sabonnement figurant sur tout message envoy\u00e9 via nos syst\u00e8mes. Pr\u00e9voyez un d\u00e9lai de traitement de 72h environ pour la suppression de nos listes de diffusion.<\/span><\/p>\n<p><span><\/span><\/p>\n<h2 class=\"western\">PARTAGE DES INFORMATIONS<\/h2>\n<p><span>Nous attachons une importance capitale \u00e0 la protection de vos donn\u00e9es, que vous soyez simple visiteur, client ou ancien client.<\/span><br \/><span>En aucun cas, nous ne vendons (ni achetons) de fichiers clients ou prospects. Nous ne donnons pas acc\u00e8s \u00e0 des soci\u00e9t\u00e9s tierces \u00e0 des donn\u00e9es sensibles (email ou autre).<\/span><br \/><span>Une question ? Besoin d\u2019une clarification ? Contactez-nous et nous vous renseignerons dans les meilleurs d\u00e9lais ! Pour tout besoin d\u2019information, notre responsable de la s\u00e9curit\u00e9 num\u00e9rique (indiqu\u00e9 en haut de la pr\u00e9sente page), est disponible aux coordonn\u00e9es de l\u2019entreprise<\/span><\/p>\n<p><span><\/span><\/p>\n<h2 class=\"western\">NOTE INFORMATIVE RELATIVE AUX COOKIES<\/h2>\n<p><span>Ce site Web utilise des cookies. Les cookies nous permettent de personnaliser le contenu et les annonces, d\u2019offrir des fonctionnalit\u00e9s relatives aux m\u00e9dias sociaux et d\u2019analyser notre trafic. Nous partageons \u00e9galement des informations sur l\u2019utilisation de notre site avec nos partenaires de m\u00e9dias sociaux, de publicit\u00e9 et d\u2019analyse, qui peuvent combiner celles-ci avec d\u2019autres informations que vous leur avez fournies ou qu\u2019ils ont collect\u00e9es lors de votre utilisation de leurs services. Vous consentez \u00e0 nos cookies si vous continuez \u00e0 utiliser notre site Web. Les cookies sont des petits fichiers textes qui peuvent \u00eatre utilis\u00e9s par les sites Web pour rendre l\u2019exp\u00e9rience utilisateur plus efficace. La loi stipule que nous ne pouvons stocker des cookies sur votre appareil que s\u2019ils sont strictement n\u00e9cessaires au fonctionnement de ce site. Pour tous les autres types de cookies, nous avons besoin de votre permission. Ce site utilise diff\u00e9rents types de cookies. Certains cookies sont plac\u00e9s par les services tiers qui apparaissent sur nos pages.<\/span><br \/><span>Votre consentement s\u2019applique au domaine pr\u00e9cis du pr\u00e9sent site internet tel qu\u2019affich\u00e9 dans votre navigateur.<\/span><br \/><span>Nos outils statistiques sont anonymis\u00e9s (en d\u2019autre termes, une identification pr\u00e9cise de l\u2019internaute n\u2019est pas possible.) Les r\u00e9seaux sociaux avec lesquels vous aurez choisi librement de partager les pages du pr\u00e9sent site peuvent \u00e9ventuellement d\u00e9poser des cookies. Ces derniers \u00e9chappent au contr\u00f4le de notre site et au pr\u00e9sent consentement car ils sont r\u00e9gul\u00e9s par les r\u00e9seaux sociaux et par les droits que vous aurez accord\u00e9s vous-m\u00eame \u00e0 ces derniers.<\/span><\/p>\n<p><span><\/span><\/p>\n<h2 class=\"western\">COOKIES ET VIE PRIV\u00c9E<\/h2>\n<p>[\/et_pb_text][\/et_pb_column][\/et_pb_row][\/et_pb_section]<\/p>","protected":false},"excerpt":{"rendered":"<p>NANOMAKERS Est le propri\u00e9taire du pr\u00e9sent site1 Rue de Clairefontaine,78 120 RAMBOUILLET,T\u00e9l\u00e9phone: +33-134-836-300Siret: 519 397 442 00020Responsable Contenu : NanoMakersDPO : NanoMakers Cr\u00e9ation par Synexta webdesign, strat\u00e9gie et gestion de projets 1 rue de Clairefontaine78120 Rambouillet web : synexta.frT\u00e9l\u00e9phone : (+33) (0)1.85.77.11.44 &nbsp; H\u00e9bergement : CONTABO Aschauer Str. 32a,81549 M\u00fcnchen, Allemagne LIMITES DE RESPONSABILIT\u00c9 Si [&hellip;]<\/p>","protected":false},"author":1,"featured_media":0,"parent":0,"menu_order":0,"comment_status":"closed","ping_status":"closed","template":"","meta":{"_acf_changed":false,"_et_pb_use_builder":"on","_et_pb_old_content":"<!-- wp:divi\/placeholder \/-->","_et_gb_content_width":"","inline_featured_image":false,"_monsterinsights_skip_tracking":false,"_monsterinsights_sitenote_active":false,"_monsterinsights_sitenote_note":"","_monsterinsights_sitenote_category":0,"footnotes":""},"class_list":["post-318","page","type-page","status-publish","hentry"],"acf":[],"aioseo_notices":[],"_links":{"self":[{"href":"https:\/\/nanomakers.fr\/en\/wp-json\/wp\/v2\/pages\/318","targetHints":{"allow":["GET"]}}],"collection":[{"href":"https:\/\/nanomakers.fr\/en\/wp-json\/wp\/v2\/pages"}],"about":[{"href":"https:\/\/nanomakers.fr\/en\/wp-json\/wp\/v2\/types\/page"}],"author":[{"embeddable":true,"href":"https:\/\/nanomakers.fr\/en\/wp-json\/wp\/v2\/users\/1"}],"replies":[{"embeddable":true,"href":"https:\/\/nanomakers.fr\/en\/wp-json\/wp\/v2\/comments?post=318"}],"version-history":[{"count":0,"href":"https:\/\/nanomakers.fr\/en\/wp-json\/wp\/v2\/pages\/318\/revisions"}],"wp:attachment":[{"href":"https:\/\/nanomakers.fr\/en\/wp-json\/wp\/v2\/media?parent=318"}],"curies":[{"name":"wp","href":"https:\/\/api.w.org\/{rel}","templated":true}]}}