{"id":282,"date":"2021-05-12T09:48:27","date_gmt":"2021-05-12T07:48:27","guid":{"rendered":"https:\/\/nanomakers.fr\/?page_id=282"},"modified":"2022-04-25T17:29:08","modified_gmt":"2022-04-25T15:29:08","slug":"additifs-de-renfort","status":"publish","type":"page","link":"https:\/\/nanomakers.fr\/en\/applications-nanopoudres\/additifs-de-renfort\/","title":{"rendered":"Reinforcing additives"},"content":{"rendered":"<p>[et_pb_section fb_built=\u00a0\u00bb1&Prime; module_class=\u00a0\u00bbhome-banniere\u00a0\u00bb _builder_version=\u00a0\u00bb4.9.2&Prime; _dynamic_attributes=\u00a0\u00bbbackground_image\u00a0\u00bb _module_preset=\u00a0\u00bbdefault\u00a0\u00bb background_image=\u00a0\u00bb@ET-DC@eyJkeW5hbWljIjp0cnVlLCJjb250ZW50IjoicG9zdF9mZWF0dXJlZF9pbWFnZSIsInNldHRpbmdzIjp7fX0=@\u00a0\u00bb global_module=\u00a0\u00bb964&Prime; global_colors_info=\u00a0\u00bb{}\u00a0\u00bb][et_pb_row column_structure=\u00a0\u00bb1_2,1_2&Prime; make_equal=\u00a0\u00bbon\u00a0\u00bb _builder_version=\u00a0\u00bb4.16&Prime; _module_preset=\u00a0\u00bbdefault\u00a0\u00bb global_colors_info=\u00a0\u00bb{}\u00a0\u00bb][et_pb_column type=\u00a0\u00bb1_2&Prime; module_class=\u00a0\u00bbarticle-banniere_left\u00a0\u00bb _builder_version=\u00a0\u00bb4.16&Prime; _module_preset=\u00a0\u00bbdefault\u00a0\u00bb global_colors_info=\u00a0\u00bb{}\u00a0\u00bb][et_pb_post_title meta=\u00a0\u00bboff\u00a0\u00bb featured_image=\u00a0\u00bboff\u00a0\u00bb module_class=\u00a0\u00bbarticle-title\u00a0\u00bb _builder_version=\u00a0\u00bb4.16&Prime; _module_preset=\u00a0\u00bbdefault\u00a0\u00bb global_colors_info=\u00a0\u00bb{}\u00a0\u00bb][\/et_pb_post_title][\/et_pb_column][et_pb_column type=\u00a0\u00bb1_2&Prime; module_class=\u00a0\u00bbarticle-banniere_excerpt\u00a0\u00bb _builder_version=\u00a0\u00bb4.16&Prime; _module_preset=\u00a0\u00bbdefault\u00a0\u00bb background_color=\u00a0\u00bb#FFFFFF\u00a0\u00bb global_colors_info=\u00a0\u00bb{}\u00a0\u00bb][et_pb_text module_class=\u00a0\u00bbarticle-extrait articlepage-extrait\u00a0\u00bb _builder_version=\u00a0\u00bb4.16&Prime; _module_preset=\u00a0\u00bbdefault\u00a0\u00bb global_colors_info=\u00a0\u00bb{}\u00a0\u00bb]<\/p>\n<h2>Les nanopoudres de NMSiC<\/h2>\n<h4 class=\"soustitre_h2\">permettent de renforcer de nombreuses matrices de types polym\u00e8res, m\u00e9tal ou c\u00e9ramiques.<\/h4>\n<p>Les matrices renforc\u00e9es en nano SiC pr\u00e9sentent une plus grande r\u00e9sistance \u00e0 des contraintes m\u00e9caniques, thermiques et chimiques.<\/p>\n\n<p>[\/et_pb_text][\/et_pb_column][\/et_pb_row][\/et_pb_section][et_pb_section fb_built=\u00a0\u00bb1&Prime; specialty=\u00a0\u00bbon\u00a0\u00bb module_class=\u00a0\u00bbzone_barre article_content\u00a0\u00bb _builder_version=\u00a0\u00bb4.16&Prime; _module_preset=\u00a0\u00bbdefault\u00a0\u00bb global_colors_info=\u00a0\u00bb{}\u00a0\u00bb][et_pb_column type=\u00a0\u00bb3_4&Prime; specialty_columns=\u00a0\u00bb3&Prime; _builder_version=\u00a0\u00bb4.16&Prime; custom_padding=\u00a0\u00bb|||\u00a0\u00bb global_colors_info=\u00a0\u00bb{}\u00a0\u00bb custom_padding__hover=\u00a0\u00bb|||\u00a0\u00bb][et_pb_row_inner _builder_version=\u00a0\u00bb4.16&Prime; _module_preset=\u00a0\u00bbdefault\u00a0\u00bb global_colors_info=\u00a0\u00bb{}\u00a0\u00bb][et_pb_column_inner _builder_version=\u00a0\u00bb4.16&Prime; _module_preset=\u00a0\u00bbdefault\u00a0\u00bb global_colors_info=\u00a0\u00bb{}\u00a0\u00bb saved_specialty_column_type=\u00a0\u00bb3_4&Prime;][et_pb_text _builder_version=\u00a0\u00bb4.16&Prime; _module_preset=\u00a0\u00bbdefault\u00a0\u00bb global_colors_info=\u00a0\u00bb{}\u00a0\u00bb]<\/p>\n<h2>Renforcer, renforcer et renforcer encore<\/h2>\n<h3 class=\"soustitre_h2\">gr\u00e2ce aux nanopoudres de Carbure de Silicium<\/h3>\n<p>[\/et_pb_text][\/et_pb_column_inner][\/et_pb_row_inner][et_pb_row_inner _builder_version=\u00a0\u00bb4.16&Prime; _module_preset=\u00a0\u00bbdefault\u00a0\u00bb global_colors_info=\u00a0\u00bb{}\u00a0\u00bb][et_pb_column_inner saved_specialty_column_type=\u00a0\u00bb3_4&Prime; _builder_version=\u00a0\u00bb4.16&Prime; _module_preset=\u00a0\u00bbdefault\u00a0\u00bb global_colors_info=\u00a0\u00bb{}\u00a0\u00bb][et_pb_text _builder_version=\u00a0\u00bb4.16&Prime; _module_preset=\u00a0\u00bbdefault\u00a0\u00bb custom_padding=\u00a0\u00bb0px|||||\u00a0\u00bb global_colors_info=\u00a0\u00bb{}\u00a0\u00bb]<\/p>\n<h2>Renfort de polym\u00e8res<\/h2>\n<h3 class=\"soustitre_h2\">Le NMSiC am\u00e9liore les propri\u00e9t\u00e9s diverses des diff\u00e9rentes polym\u00e8res :<\/h3>\n<p>[\/et_pb_text][\/et_pb_column_inner][\/et_pb_row_inner][et_pb_row_inner _builder_version=\u00a0\u00bb4.17.1&Prime; _module_preset=\u00a0\u00bbdefault\u00a0\u00bb global_colors_info=\u00a0\u00bb{}\u00a0\u00bb][et_pb_column_inner saved_specialty_column_type=\u00a0\u00bb3_4&Prime; _builder_version=\u00a0\u00bb4.16&Prime; _module_preset=\u00a0\u00bbdefault\u00a0\u00bb global_colors_info=\u00a0\u00bb{}\u00a0\u00bb][et_pb_text module_class=\u00a0\u00bbrenfort_right\u00a0\u00bb _builder_version=\u00a0\u00bb4.17.1&Prime; _module_preset=\u00a0\u00bbdefault\u00a0\u00bb global_colors_info=\u00a0\u00bb{}\u00a0\u00bb]<img decoding=\"async\" src=\"https:\/\/nanomakers.fr\/wp-content\/uploads\/2022\/03\/Image-polymer-1.png\" style=\"float: left;\" \/><\/p>\n<p><strong>Polym\u00e8res fluor\u00e9s<\/strong><br \/>\nUne plus grande r\u00e9sistance dans des environnements difficiles chimiquement ou thermiquement<\/p>\n<p>[\/et_pb_text][et_pb_text module_class=\u00a0\u00bbrenfort_left\u00a0\u00bb _builder_version=\u00a0\u00bb4.17.1&Prime; _module_preset=\u00a0\u00bbdefault\u00a0\u00bb global_colors_info=\u00a0\u00bb{}\u00a0\u00bb]<img decoding=\"async\" src=\"https:\/\/nanomakers.fr\/wp-content\/uploads\/2022\/03\/Image-polymer-2.png\" style=\"float: left;\" \/><\/p>\n<p style=\"text-align: left;\"><strong>PEEK<\/strong><br \/>\nUne am\u00e9lioration des propri\u00e9t\u00e9s m\u00e9caniques telles que la duret\u00e9 ou la r\u00e9sistance \u00e0 l\u2019abrasion<\/p>\n<p>[\/et_pb_text][et_pb_text module_class=\u00a0\u00bbrenfort_right\u00a0\u00bb _builder_version=\u00a0\u00bb4.17.1&Prime; _module_preset=\u00a0\u00bbdefault\u00a0\u00bb global_colors_info=\u00a0\u00bb{}\u00a0\u00bb]<img decoding=\"async\" src=\"https:\/\/nanomakers.fr\/wp-content\/uploads\/2022\/03\/Image-polymer-3.png\" style=\"float: left;\" \/><\/p>\n<p><strong>Silicones<\/strong><br \/>Une augmentation de la dur\u00e9e de vie des matrices<\/p>\n<p>[\/et_pb_text][et_pb_text module_class=\u00a0\u00bbrenfort_left\u00a0\u00bb _builder_version=\u00a0\u00bb4.17.1&Prime; _module_preset=\u00a0\u00bbdefault\u00a0\u00bb global_colors_info=\u00a0\u00bb{}\u00a0\u00bb]<img decoding=\"async\" src=\"https:\/\/nanomakers.fr\/wp-content\/uploads\/2022\/03\/Image-polymer-4.png\" style=\"float: left;\" \/><\/p>\n<p style=\"text-align: left;\">Autres&#8230;<\/p>\n<p>[\/et_pb_text][\/et_pb_column_inner][\/et_pb_row_inner][et_pb_row_inner _builder_version=\u00a0\u00bb4.16&Prime; _module_preset=\u00a0\u00bbdefault\u00a0\u00bb custom_margin=\u00a0\u00bb60px||||false|false\u00a0\u00bb global_colors_info=\u00a0\u00bb{}\u00a0\u00bb][et_pb_column_inner saved_specialty_column_type=\u00a0\u00bb3_4&Prime; _builder_version=\u00a0\u00bb4.16&Prime; _module_preset=\u00a0\u00bbdefault\u00a0\u00bb global_colors_info=\u00a0\u00bb{}\u00a0\u00bb][et_pb_text _builder_version=\u00a0\u00bb4.16&Prime; _module_preset=\u00a0\u00bbdefault\u00a0\u00bb global_colors_info=\u00a0\u00bb{}\u00a0\u00bb]<\/p>\n<h2 style=\"text-align: left;\">Renfort de c\u00e9ramiques<\/h2>\n<h3 class=\"soustitre_h2\">Le renfort NMSiC pour des pi\u00e8ces de protection antibalistiques :<\/h3>\n<p>[\/et_pb_text][\/et_pb_column_inner][\/et_pb_row_inner][et_pb_row_inner column_structure=\u00a0\u00bb1_2,1_2&Prime; module_class=\u00a0\u00bbptite_width\u00a0\u00bb _builder_version=\u00a0\u00bb4.16&Prime; _module_preset=\u00a0\u00bbdefault\u00a0\u00bb global_colors_info=\u00a0\u00bb{}\u00a0\u00bb][et_pb_column_inner type=\u00a0\u00bb1_2&Prime; saved_specialty_column_type=\u00a0\u00bb3_4&Prime; _builder_version=\u00a0\u00bb4.16&Prime; _module_preset=\u00a0\u00bbdefault\u00a0\u00bb global_colors_info=\u00a0\u00bb{}\u00a0\u00bb][et_pb_image src=\u00a0\u00bbhttps:\/\/nanomakers.fr\/wp-content\/uploads\/2022\/03\/Illustration_plaque-antiballistique.jpg\u00a0\u00bb title_text=\u00a0\u00bbOLYMPUS DIGITAL CAMERA\u00a0\u00bb _builder_version=\u00a0\u00bb4.16&Prime; _module_preset=\u00a0\u00bbdefault\u00a0\u00bb global_colors_info=\u00a0\u00bb{}\u00a0\u00bb][\/et_pb_image][\/et_pb_column_inner][et_pb_column_inner type=\u00a0\u00bb1_2&Prime; saved_specialty_column_type=\u00a0\u00bb3_4&Prime; _builder_version=\u00a0\u00bb4.16&Prime; _module_preset=\u00a0\u00bbdefault\u00a0\u00bb global_colors_info=\u00a0\u00bb{}\u00a0\u00bb][et_pb_text module_class=\u00a0\u00bbtxt_en_case\u00a0\u00bb _builder_version=\u00a0\u00bb4.16&Prime; _module_preset=\u00a0\u00bbdefault\u00a0\u00bb global_colors_info=\u00a0\u00bb{}\u00a0\u00bb]<\/p>\n<p>Duret\u00e9 du SiC massif<\/p>\n<p>[\/et_pb_text][et_pb_text module_class=\u00a0\u00bbtxt_en_case\u00a0\u00bb _builder_version=\u00a0\u00bb4.16&Prime; _module_preset=\u00a0\u00bbdefault\u00a0\u00bb global_colors_info=\u00a0\u00bb{}\u00a0\u00bb]<\/p>\n<p>Additif nanom\u00e9trique :<br \/>\u25aa Diminution de la porosit\u00e9 interparticulaire<br \/>\u25aa Renfort interparticulaire<\/p>\n<p>[\/et_pb_text][et_pb_text module_class=\u00a0\u00bbtxt_en_case\u00a0\u00bb _builder_version=\u00a0\u00bb4.16&Prime; _module_preset=\u00a0\u00bbdefault\u00a0\u00bb global_colors_info=\u00a0\u00bb{}\u00a0\u00bb]<\/p>\n<p style=\"text-align: justify;\">Modulation de la composition de surface pour augmenter l\u2019affinit\u00e9 avec la matrice<\/p>\n<p>[\/et_pb_text][\/et_pb_column_inner][\/et_pb_row_inner][et_pb_row_inner _builder_version=\u00a0\u00bb4.16&Prime; _module_preset=\u00a0\u00bbdefault\u00a0\u00bb custom_margin=\u00a0\u00bb60px||||false|false\u00a0\u00bb global_colors_info=\u00a0\u00bb{}\u00a0\u00bb][et_pb_column_inner saved_specialty_column_type=\u00a0\u00bb3_4&Prime; _builder_version=\u00a0\u00bb4.16&Prime; _module_preset=\u00a0\u00bbdefault\u00a0\u00bb global_colors_info=\u00a0\u00bb{}\u00a0\u00bb][et_pb_text _builder_version=\u00a0\u00bb4.16&Prime; _module_preset=\u00a0\u00bbdefault\u00a0\u00bb global_colors_info=\u00a0\u00bb{}\u00a0\u00bb]<\/p>\n<h2 style=\"text-align: left;\">Renfort de m\u00e9taux pr\u00e9cieux<\/h2>\n<h3 class=\"soustitre_h2\">Renfort de m\u00e9taux pr\u00e9cieux avec du NMSiC<\/h3>\n<p>[\/et_pb_text][\/et_pb_column_inner][\/et_pb_row_inner][et_pb_row_inner column_structure=\u00a0\u00bb1_2,1_2&Prime; module_class=\u00a0\u00bbptite_width\u00a0\u00bb _builder_version=\u00a0\u00bb4.16&Prime; _module_preset=\u00a0\u00bbdefault\u00a0\u00bb global_colors_info=\u00a0\u00bb{}\u00a0\u00bb][et_pb_column_inner type=\u00a0\u00bb1_2&Prime; saved_specialty_column_type=\u00a0\u00bb3_4&Prime; _builder_version=\u00a0\u00bb4.16&Prime; _module_preset=\u00a0\u00bbdefault\u00a0\u00bb global_colors_info=\u00a0\u00bb{}\u00a0\u00bb][et_pb_text module_class=\u00a0\u00bbtxt_en_case\u00a0\u00bb _builder_version=\u00a0\u00bb4.16&Prime; _module_preset=\u00a0\u00bbdefault\u00a0\u00bb global_colors_info=\u00a0\u00bb{}\u00a0\u00bb]<\/p>\n<p>Augmentation de la duret\u00e9<\/p>\n<p>[\/et_pb_text][et_pb_text module_class=\u00a0\u00bbtxt_en_case\u00a0\u00bb _builder_version=\u00a0\u00bb4.16&Prime; _module_preset=\u00a0\u00bbdefault\u00a0\u00bb global_colors_info=\u00a0\u00bb{}\u00a0\u00bb]<\/p>\n<p>All\u00e8gement de la structure<\/p>\n<p>[\/et_pb_text][et_pb_text module_class=\u00a0\u00bbtxt_en_case\u00a0\u00bb _builder_version=\u00a0\u00bb4.16&Prime; _module_preset=\u00a0\u00bbdefault\u00a0\u00bb global_colors_info=\u00a0\u00bb{}\u00a0\u00bb]<\/p>\n<p>Augmentation de la r\u00e9sistance \u00e0 l\u2019abrasion<\/p>\n<p>[\/et_pb_text][et_pb_text _builder_version=\u00a0\u00bb4.16&Prime; _module_preset=\u00a0\u00bbdefault\u00a0\u00bb global_colors_info=\u00a0\u00bb{}\u00a0\u00bb]<\/p>\n<p><strong>Renfort de m\u00e9taux pour <a href=\"https:\/\/nanomakers.fr\/applications-nanopoudres\/aerospatial\/\">l\u2019a\u00e9rospatial<\/a><\/strong><\/p>\n<p>[\/et_pb_text][\/et_pb_column_inner][et_pb_column_inner type=\u00a0\u00bb1_2&Prime; saved_specialty_column_type=\u00a0\u00bb3_4&Prime; _builder_version=\u00a0\u00bb4.16&Prime; _module_preset=\u00a0\u00bbdefault\u00a0\u00bb global_colors_info=\u00a0\u00bb{}\u00a0\u00bb][et_pb_image src=\u00a0\u00bbhttps:\/\/nanomakers.fr\/wp-content\/uploads\/2022\/03\/Illustration_metaux-precious.jpg\u00a0\u00bb title_text=\u00a0\u00bbIllustration_metaux precious\u00a0\u00bb _builder_version=\u00a0\u00bb4.16&Prime; _module_preset=\u00a0\u00bbdefault\u00a0\u00bb global_colors_info=\u00a0\u00bb{}\u00a0\u00bb][\/et_pb_image][\/et_pb_column_inner][\/et_pb_row_inner][et_pb_row_inner _builder_version=\u00a0\u00bb4.16&Prime; _module_preset=\u00a0\u00bbdefault\u00a0\u00bb custom_margin=\u00a0\u00bb60px||||false|false\u00a0\u00bb global_colors_info=\u00a0\u00bb{}\u00a0\u00bb][et_pb_column_inner saved_specialty_column_type=\u00a0\u00bb3_4&Prime; _builder_version=\u00a0\u00bb4.16&Prime; _module_preset=\u00a0\u00bbdefault\u00a0\u00bb global_colors_info=\u00a0\u00bb{}\u00a0\u00bb][et_pb_text _builder_version=\u00a0\u00bb4.16&Prime; _module_preset=\u00a0\u00bbdefault\u00a0\u00bb global_colors_info=\u00a0\u00bb{}\u00a0\u00bb]<\/p>\n<h2>NMSiC comme renfort global<\/h2>\n<h3 class=\"soustitre_h2\">NMSiC, mati\u00e8re premi\u00e8re pour de nombreux march\u00e9s[\/et_pb_text][et_pb_text _builder_version=\u00a0\u00bb4.16&Prime; _module_preset=\u00a0\u00bbdefault\u00a0\u00bb global_colors_info=\u00a0\u00bb{}\u00a0\u00bb]<\/p>\n<p>Le NMSiC peut \u00eatre utilis\u00e9 comme mati\u00e8re premi\u00e8re pour la fabrication de pi\u00e8ce technique de haute puret\u00e9 desservant les march\u00e9s :<\/p>\n<p>[\/et_pb_text][\/et_pb_column_inner][\/et_pb_row_inner][et_pb_row_inner column_structure=\u00a0\u00bb1_2,1_2&Prime; module_class=\u00a0\u00bbptite_width\u00a0\u00bb _builder_version=\u00a0\u00bb4.16&Prime; _module_preset=\u00a0\u00bbdefault\u00a0\u00bb global_colors_info=\u00a0\u00bb{}\u00a0\u00bb][et_pb_column_inner type=\u00a0\u00bb1_2&Prime; saved_specialty_column_type=\u00a0\u00bb3_4&Prime; _builder_version=\u00a0\u00bb4.16&Prime; _module_preset=\u00a0\u00bbdefault\u00a0\u00bb global_colors_info=\u00a0\u00bb{}\u00a0\u00bb][et_pb_image src=\u00a0\u00bbhttps:\/\/nanomakers.fr\/wp-content\/uploads\/2022\/03\/Illustration_montre.jpg\u00a0\u00bb title_text=\u00a0\u00bbIllustration_montre\u00a0\u00bb _builder_version=\u00a0\u00bb4.16&Prime; _module_preset=\u00a0\u00bbdefault\u00a0\u00bb global_colors_info=\u00a0\u00bb{}\u00a0\u00bb][\/et_pb_image][\/et_pb_column_inner][et_pb_column_inner type=\u00a0\u00bb1_2&Prime; saved_specialty_column_type=\u00a0\u00bb3_4&Prime; _builder_version=\u00a0\u00bb4.16&Prime; _module_preset=\u00a0\u00bbdefault\u00a0\u00bb global_colors_info=\u00a0\u00bb{}\u00a0\u00bb][et_pb_text module_class=\u00a0\u00bbtxt_en_case\u00a0\u00bb _builder_version=\u00a0\u00bb4.16&Prime; _module_preset=\u00a0\u00bbdefault\u00a0\u00bb global_colors_info=\u00a0\u00bb{}\u00a0\u00bb]<\/p>\n<p>Des <a href=\"https:\/\/nanomakers.fr\/applications-nanopoudres\/semiconducteurs\/\">semiconducteurs<\/a><\/p>\n<p>[\/et_pb_text][et_pb_text module_class=\u00a0\u00bbtxt_en_case\u00a0\u00bb _builder_version=\u00a0\u00bb4.16&Prime; _module_preset=\u00a0\u00bbdefault\u00a0\u00bb global_colors_info=\u00a0\u00bb{}\u00a0\u00bb]<\/p>\n<p>De l\u2019horlogerie : Pi\u00e8ces haute duret\u00e9 et grande r\u00e9sistance \u00e0 l\u2019abrasion<\/p>\n<p>[\/et_pb_text][\/et_pb_column_inner][\/et_pb_row_inner][\/et_pb_column][et_pb_column type=\u00a0\u00bb1_4&Prime; _builder_version=\u00a0\u00bb4.16&Prime; custom_padding=\u00a0\u00bb|||\u00a0\u00bb global_colors_info=\u00a0\u00bb{}\u00a0\u00bb custom_padding__hover=\u00a0\u00bb|||\u00a0\u00bb][et_pb_text module_class=\u00a0\u00bbbarre_lat_pageetarticles\u00a0\u00bb _builder_version=\u00a0\u00bb4.16&Prime; _module_preset=\u00a0\u00bbdefault\u00a0\u00bb global_colors_info=\u00a0\u00bb{}\u00a0\u00bb]<\/p>\n<p class=\"widgettitle\">autour du sujet<\/p>\n<div class=\"pt-cv-wrapper et_smooth_scroll_disabled\"><div class=\"pt-cv-view pt-cv-grid pt-cv-colsys\" id=\"pt-cv-view-0ac6fa4nec\"><div data-id=\"pt-cv-page-1\" class=\"pt-cv-page cv-npf\" data-cvc=\"1\"><div class=\"col-md-12 col-sm-6 col-xs-12 pt-cv-content-item pt-cv-2-col\"  data-pid=\"0\"><div class='pt-cv-ifield'><div class=\"pt-cv-no-post\">No posts found.<\/div><\/div><\/div><\/div><\/div><\/div>\t\t\t<style type=\"text\/css\" id=\"pt-cv-inline-style-c0c319aap5\">#pt-cv-view-0ac6fa4nec .pt-cv-content-item { padding-right: 0px !important; padding-left: 0px !important; }\n#pt-cv-view-0ac6fa4nec  { margin-right: 0px !important; margin-left: 0px !important; }\n#pt-cv-view-0ac6fa4nec .pt-cv-ifield { padding-right: 0px !important; padding-left: 0px !important; }\n#pt-cv-view-0ac6fa4nec .pt-cv-title a, #pt-cv-view-0ac6fa4nec  .panel-title { font-size: 13px !important; line-height: 1.3 !important; }\n#pt-cv-view-0ac6fa4nec  .pt-cv-title a:hover, #pt-cv-view-0ac6fa4nec  .panel-title:hover   { font-size: 13px !important; line-height: 1.3 !important; }\n#pt-cv-view-0ac6fa4nec .pt-cv-content , #pt-cv-view-0ac6fa4nec  .pt-cv-content *:not(.pt-cv-readmore):not(style):not(script) { font-size: 13px !important; line-height: 1.3 !important; }\n#pt-cv-view-0ac6fa4nec .pt-cv-readmore  { color: #ffffff !important; background-color: #0058a6 !important; }\n#pt-cv-view-0ac6fa4nec .pt-cv-readmore:hover  { color: #ffffff !important; background-color: #0058a6 !important; }<\/style>\r\n\t\t\t\n<p>&nbsp;<\/p>\n<p><strong><span style=\"text-decoration: underline;\">Pages des produits :<\/span><\/strong><\/p>\n<p><a href=\"https:\/\/nanomakers.fr\/produits\/nano-carbure-de-silicium\/\">Nano Carbure de Silicium SiC<\/a><\/p>\n<p><a href=\"https:\/\/nanomakers.fr\/produits\/nano-silicium\/\">Nano Silicium Si<\/a><\/p>\n<p><strong><span style=\"text-decoration: underline;\">Pages du site :<\/span><\/strong><\/p>\n<p><a href=\"https:\/\/nanomakers.fr\/services-et-projets\/developpement-des-applications\/\">D\u00e9veloppement des applications<\/a><\/p>\n<p>&nbsp;<\/p>\n<p>[\/et_pb_text][\/et_pb_column][\/et_pb_section]<\/p>\n","protected":false},"excerpt":{"rendered":"<p>Lorem ipsum dolor sit amet, consectetur adipiscing elit, sed do eiusmod tempor incididunt ut labore et dolore magna aliqua. Ut enim ad minim veniam, quis nostrud exercitation ullamco laboris nisi ut aliquip ex ea commodo consequat. Duis aute irure dolor in reprehenderit in voluptate velit esse cillum dolore eu fugiat nulla pariatur. Excepteur sint occaecat cupidatat non proident, sunt in culpa qui officia deserunt mollit anim id est laborum.<\/p>","protected":false},"author":1,"featured_media":521,"parent":28,"menu_order":0,"comment_status":"closed","ping_status":"closed","template":"","meta":{"_acf_changed":false,"_et_pb_use_builder":"on","_et_pb_old_content":"<!-- wp:divi\/placeholder \/-->","_et_gb_content_width":"","inline_featured_image":false,"_monsterinsights_skip_tracking":false,"_monsterinsights_sitenote_active":false,"_monsterinsights_sitenote_note":"","_monsterinsights_sitenote_category":0,"footnotes":""},"class_list":["post-282","page","type-page","status-publish","has-post-thumbnail","hentry"],"acf":[],"aioseo_notices":[],"_links":{"self":[{"href":"https:\/\/nanomakers.fr\/en\/wp-json\/wp\/v2\/pages\/282","targetHints":{"allow":["GET"]}}],"collection":[{"href":"https:\/\/nanomakers.fr\/en\/wp-json\/wp\/v2\/pages"}],"about":[{"href":"https:\/\/nanomakers.fr\/en\/wp-json\/wp\/v2\/types\/page"}],"author":[{"embeddable":true,"href":"https:\/\/nanomakers.fr\/en\/wp-json\/wp\/v2\/users\/1"}],"replies":[{"embeddable":true,"href":"https:\/\/nanomakers.fr\/en\/wp-json\/wp\/v2\/comments?post=282"}],"version-history":[{"count":98,"href":"https:\/\/nanomakers.fr\/en\/wp-json\/wp\/v2\/pages\/282\/revisions"}],"predecessor-version":[{"id":2497,"href":"https:\/\/nanomakers.fr\/en\/wp-json\/wp\/v2\/pages\/282\/revisions\/2497"}],"up":[{"embeddable":true,"href":"https:\/\/nanomakers.fr\/en\/wp-json\/wp\/v2\/pages\/28"}],"wp:featuredmedia":[{"embeddable":true,"href":"https:\/\/nanomakers.fr\/en\/wp-json\/wp\/v2\/media\/521"}],"wp:attachment":[{"href":"https:\/\/nanomakers.fr\/en\/wp-json\/wp\/v2\/media?parent=282"}],"curies":[{"name":"wp","href":"https:\/\/api.w.org\/{rel}","templated":true}]}}