{"id":280,"date":"2021-05-12T09:47:47","date_gmt":"2021-05-12T09:47:47","guid":{"rendered":"https:\/\/nanomakers.fr\/?page_id=280"},"modified":"2022-07-06T18:03:42","modified_gmt":"2022-07-06T16:03:42","slug":"aerospatial","status":"publish","type":"page","link":"https:\/\/nanomakers.fr\/en\/applications-nanopoudres\/aerospatial\/","title":{"rendered":"Aerospace"},"content":{"rendered":"<p>[et_pb_section fb_built=\u00a0\u00bb1&Prime; module_class=\u00a0\u00bbhome-banniere\u00a0\u00bb _builder_version=\u00a0\u00bb4.9.2&Prime; _dynamic_attributes=\u00a0\u00bbbackground_image\u00a0\u00bb _module_preset=\u00a0\u00bbdefault\u00a0\u00bb background_image=\u00a0\u00bb@ET-DC@eyJkeW5hbWljIjp0cnVlLCJjb250ZW50IjoicG9zdF9mZWF0dXJlZF9pbWFnZSIsInNldHRpbmdzIjp7fX0=@\u00a0\u00bb global_module=\u00a0\u00bb964&Prime; global_colors_info=\u00a0\u00bb{}\u00a0\u00bb][et_pb_row column_structure=\u00a0\u00bb1_2,1_2&Prime; make_equal=\u00a0\u00bbon\u00a0\u00bb _builder_version=\u00a0\u00bb4.16&Prime; _module_preset=\u00a0\u00bbdefault\u00a0\u00bb global_colors_info=\u00a0\u00bb{}\u00a0\u00bb][et_pb_column type=\u00a0\u00bb1_2&Prime; module_class=\u00a0\u00bbarticle-banniere_left\u00a0\u00bb _builder_version=\u00a0\u00bb4.16&Prime; _module_preset=\u00a0\u00bbdefault\u00a0\u00bb global_colors_info=\u00a0\u00bb{}\u00a0\u00bb][et_pb_post_title meta=\u00a0\u00bboff\u00a0\u00bb featured_image=\u00a0\u00bboff\u00a0\u00bb module_class=\u00a0\u00bbarticle-title\u00a0\u00bb _builder_version=\u00a0\u00bb4.16&Prime; _module_preset=\u00a0\u00bbdefault\u00a0\u00bb global_colors_info=\u00a0\u00bb{}\u00a0\u00bb][\/et_pb_post_title][\/et_pb_column][et_pb_column type=\u00a0\u00bb1_2&Prime; module_class=\u00a0\u00bbarticle-banniere_excerpt\u00a0\u00bb _builder_version=\u00a0\u00bb4.16&Prime; _module_preset=\u00a0\u00bbdefault\u00a0\u00bb background_color=\u00a0\u00bb#FFFFFF\u00a0\u00bb global_colors_info=\u00a0\u00bb{}\u00a0\u00bb][et_pb_text module_class=\u00a0\u00bbarticle-extrait articlepage-extrait\u00a0\u00bb _builder_version=\u00a0\u00bb4.16&Prime; _module_preset=\u00a0\u00bbdefault\u00a0\u00bb global_colors_info=\u00a0\u00bb{}\u00a0\u00bb]<\/p>\n<h2>Renforcer les propri\u00e9t\u00e9s thermom\u00e9caniques des CMC<\/h2>\n<h3 class=\"soustitre_h2\">gr\u00e2ce aux nanopoudres de Carbure de Silicium<\/h3>\n<p>Additif de renfort pour les CMC.<br \/>\nLe nano SiC peut \u00eatre utilis\u00e9 en tant qu\u2019agent de renfort pour la fabrication des Composites \u00e0 Matrice C\u00e9ramiques (CMC), notamment de type SiC\/SiC.<\/p>\n\n<p>[\/et_pb_text][\/et_pb_column][\/et_pb_row][\/et_pb_section][et_pb_section fb_built=\u00a0\u00bb1&Prime; specialty=\u00a0\u00bbon\u00a0\u00bb module_class=\u00a0\u00bbzone_barre article_content\u00a0\u00bb _builder_version=\u00a0\u00bb4.16&Prime; _module_preset=\u00a0\u00bbdefault\u00a0\u00bb background_enable_color=\u00a0\u00bboff\u00a0\u00bb global_colors_info=\u00a0\u00bb{}\u00a0\u00bb][et_pb_column type=\u00a0\u00bb3_4&Prime; specialty_columns=\u00a0\u00bb3&Prime; _builder_version=\u00a0\u00bb4.16&Prime; custom_padding=\u00a0\u00bb|||\u00a0\u00bb global_colors_info=\u00a0\u00bb{}\u00a0\u00bb custom_padding__hover=\u00a0\u00bb|||\u00a0\u00bb][et_pb_row_inner _builder_version=\u00a0\u00bb4.16&Prime; _module_preset=\u00a0\u00bbdefault\u00a0\u00bb custom_padding=\u00a0\u00bb||0px|||\u00a0\u00bb global_colors_info=\u00a0\u00bb{}\u00a0\u00bb][et_pb_column_inner saved_specialty_column_type=\u00a0\u00bb3_4&Prime; _builder_version=\u00a0\u00bb4.16&Prime; _module_preset=\u00a0\u00bbdefault\u00a0\u00bb global_colors_info=\u00a0\u00bb{}\u00a0\u00bb][et_pb_text _builder_version=\u00a0\u00bb4.16&Prime; _module_preset=\u00a0\u00bbdefault\u00a0\u00bb global_colors_info=\u00a0\u00bb{}\u00a0\u00bb]<\/p>\n<h2>Les besoins du march\u00e9<\/h2>\n<h3 class=\"soustitre_h2\">augmentation des caract\u00e9ristiques<\/h3>\n<p>[\/et_pb_text][\/et_pb_column_inner][\/et_pb_row_inner][et_pb_row_inner column_structure=\u00a0\u00bb1_2,1_2&Prime; _builder_version=\u00a0\u00bb4.17.1&Prime; _module_preset=\u00a0\u00bbdefault\u00a0\u00bb global_colors_info=\u00a0\u00bb{}\u00a0\u00bb][et_pb_column_inner type=\u00a0\u00bb1_2&Prime; saved_specialty_column_type=\u00a0\u00bb3_4&Prime; _builder_version=\u00a0\u00bb4.17.1&Prime; _module_preset=\u00a0\u00bbdefault\u00a0\u00bb global_colors_info=\u00a0\u00bb{}\u00a0\u00bb][et_pb_image src=\u00a0\u00bbhttps:\/\/nanomakers.fr\/wp-content\/uploads\/2022\/07\/Illustrations_Aerospace-market-needs_FR.png\u00a0\u00bb _builder_version=\u00a0\u00bb4.17.1&Prime; _module_preset=\u00a0\u00bbdefault\u00a0\u00bb hover_enabled=\u00a0\u00bb0&Prime; global_colors_info=\u00a0\u00bb{}\u00a0\u00bb title_text=\u00a0\u00bbIllustrations_Aerospace market needs_FR\u00a0\u00bb sticky_enabled=\u00a0\u00bb0&Prime; align=\u00a0\u00bbcenter\u00a0\u00bb][\/et_pb_image][\/et_pb_column_inner][et_pb_column_inner type=\u00a0\u00bb1_2&Prime; saved_specialty_column_type=\u00a0\u00bb3_4&Prime; _builder_version=\u00a0\u00bb4.17.1&Prime; _module_preset=\u00a0\u00bbdefault\u00a0\u00bb global_colors_info=\u00a0\u00bb{}\u00a0\u00bb][et_pb_text module_class=\u00a0\u00bbtxt_en_case\u00a0\u00bb _builder_version=\u00a0\u00bb4.16&Prime; _module_preset=\u00a0\u00bbdefault\u00a0\u00bb global_colors_info=\u00a0\u00bb{}\u00a0\u00bb]<\/p>\n<p style=\"text-align: justify;\">Le d\u00e9veloppement des CMC r\u00e9pond d\u2019abord aux probl\u00e9matiques rencontr\u00e9es lors de l\u2019utilisation des c\u00e9ramiques techniques classiques : comportement cassant, d\u00e9fauts li\u00e9s \u00e0 la fabrication, etc&#8230;.<\/p>\n<p>[\/et_pb_text][et_pb_text module_class=\u00a0\u00bbtxt_en_case\u00a0\u00bb _builder_version=\u00a0\u00bb4.16&Prime; _module_preset=\u00a0\u00bbdefault\u00a0\u00bb global_colors_info=\u00a0\u00bb{}\u00a0\u00bb]<\/p>\n<p style=\"text-align: justify;\">L\u2019introduction de mat\u00e9riaux en fibres permet de renforcer la matrice intrins\u00e8quement, ouvrant ainsi la voie \u00e0 de nouvelles applications.<\/p>\n<p>[\/et_pb_text][\/et_pb_column_inner][\/et_pb_row_inner][et_pb_row_inner _builder_version=\u00a0\u00bb4.16&Prime; _module_preset=\u00a0\u00bbdefault\u00a0\u00bb custom_margin=\u00a0\u00bb60px||60px||false|false\u00a0\u00bb global_colors_info=\u00a0\u00bb{}\u00a0\u00bb][et_pb_column_inner saved_specialty_column_type=\u00a0\u00bb3_4&Prime; _builder_version=\u00a0\u00bb4.16&Prime; _module_preset=\u00a0\u00bbdefault\u00a0\u00bb global_colors_info=\u00a0\u00bb{}\u00a0\u00bb][et_pb_text _builder_version=\u00a0\u00bb4.16&Prime; _module_preset=\u00a0\u00bbdefault\u00a0\u00bb custom_margin=\u00a0\u00bb||||false|false\u00a0\u00bb global_colors_info=\u00a0\u00bb{}\u00a0\u00bb]<\/p>\n<h2>L\u2019apport du NMSiC<\/h2>\n<h3 class=\"soustitre_h2\">meilleure densification et propri\u00e9t\u00e9s m\u00e9caniques am\u00e9lior\u00e9es<\/h3>\n<p>[\/et_pb_text][et_pb_text _builder_version=\u00a0\u00bb4.16&Prime; _module_preset=\u00a0\u00bbdefault\u00a0\u00bb global_colors_info=\u00a0\u00bb{}\u00a0\u00bb]<\/p>\n<p style=\"text-align: justify;\">Nanomakers propose des nanopoudres de carbure de silicium qui peuvent \u00eatre incorpor\u00e9es \u00e0 diff\u00e9rentes \u00e9tapes de la fabrication des CMC telles que l\u2019impr\u00e9gnation des fibres. Elles apportent un renfort suppl\u00e9mentaire, permettant de meilleure densification et des propri\u00e9t\u00e9s m\u00e9caniques am\u00e9lior\u00e9es.<\/p>\n<p>[\/et_pb_text][\/et_pb_column_inner][\/et_pb_row_inner][et_pb_row_inner column_structure=\u00a0\u00bb1_2,1_2&Prime; make_equal=\u00a0\u00bbon\u00a0\u00bb module_class=\u00a0\u00bbptite_width\u00a0\u00bb _builder_version=\u00a0\u00bb4.16&Prime; _module_preset=\u00a0\u00bbdefault\u00a0\u00bb global_colors_info=\u00a0\u00bb{}\u00a0\u00bb][et_pb_column_inner type=\u00a0\u00bb1_2&Prime; saved_specialty_column_type=\u00a0\u00bb3_4&Prime; module_class=\u00a0\u00bbproduitpictomaxsize\u00a0\u00bb _builder_version=\u00a0\u00bb4.16&Prime; _module_preset=\u00a0\u00bbdefault\u00a0\u00bb background_image=\u00a0\u00bbhttps:\/\/nanomakers.fr\/wp-content\/uploads\/2021\/12\/NMSiC99.png\u00a0\u00bb background_size=\u00a0\u00bbcontain\u00a0\u00bb custom_padding=\u00a0\u00bb60px||60px||false|false\u00a0\u00bb global_colors_info=\u00a0\u00bb{}\u00a0\u00bb][\/et_pb_column_inner][et_pb_column_inner type=\u00a0\u00bb1_2&Prime; saved_specialty_column_type=\u00a0\u00bb3_4&Prime; _builder_version=\u00a0\u00bb4.16&Prime; _module_preset=\u00a0\u00bbdefault\u00a0\u00bb global_colors_info=\u00a0\u00bb{}\u00a0\u00bb][et_pb_text module_class=\u00a0\u00bbtxt_en_case\u00a0\u00bb _builder_version=\u00a0\u00bb4.16&Prime; _module_preset=\u00a0\u00bbdefault\u00a0\u00bb global_colors_info=\u00a0\u00bb{}\u00a0\u00bb]<\/p>\n<p style=\"text-align: justify;\">Taille nanom\u00e9trique: inclusion dans les pores r\u00e9siduels, diminution de la taille des pores<\/p>\n<p>[\/et_pb_text][et_pb_text module_class=\u00a0\u00bbtxt_en_case\u00a0\u00bb _builder_version=\u00a0\u00bb4.16&Prime; _module_preset=\u00a0\u00bbdefault\u00a0\u00bb global_colors_info=\u00a0\u00bb{}\u00a0\u00bb]<\/p>\n<p style=\"text-align: justify;\">Haute conductivit\u00e9 thermique<\/p>\n<p>[\/et_pb_text][et_pb_text module_class=\u00a0\u00bbtxt_en_case\u00a0\u00bb _builder_version=\u00a0\u00bb4.16&Prime; _module_preset=\u00a0\u00bbdefault\u00a0\u00bb global_colors_info=\u00a0\u00bb{}\u00a0\u00bb]<\/p>\n<p style=\"text-align: justify;\">Inertie chimique<\/p>\n<p>[\/et_pb_text][et_pb_text module_class=\u00a0\u00bbtxt_en_case\u00a0\u00bb _builder_version=\u00a0\u00bb4.16&Prime; _module_preset=\u00a0\u00bbdefault\u00a0\u00bb global_colors_info=\u00a0\u00bb{}\u00a0\u00bb]<\/p>\n<p style=\"text-align: justify;\">Adaptation de la composition de surface des particules pour augmenter l&rsquo;affinit\u00e9 avec la matrice<\/p>\n<p>[\/et_pb_text][\/et_pb_column_inner][\/et_pb_row_inner][et_pb_row_inner _builder_version=\u00a0\u00bb4.16&Prime; _module_preset=\u00a0\u00bbdefault\u00a0\u00bb global_colors_info=\u00a0\u00bb{}\u00a0\u00bb][et_pb_column_inner saved_specialty_column_type=\u00a0\u00bb3_4&Prime; _builder_version=\u00a0\u00bb4.16&Prime; _module_preset=\u00a0\u00bbdefault\u00a0\u00bb global_colors_info=\u00a0\u00bb{}\u00a0\u00bb][et_pb_text _builder_version=\u00a0\u00bb4.16&Prime; _module_preset=\u00a0\u00bbdefault\u00a0\u00bb custom_margin=\u00a0\u00bb||||false|false\u00a0\u00bb global_colors_info=\u00a0\u00bb{}\u00a0\u00bb]<\/p>\n<h2>Le projet Hiperco<\/h2>\n<h3 class=\"soustitre_h2\">un m\u00e9lange stable et homog\u00e8ne \u00e0 l&rsquo;\u00e9chelle industriel<\/h3>\n<p>[\/et_pb_text][et_pb_text _builder_version=\u00a0\u00bb4.16&Prime; _module_preset=\u00a0\u00bbdefault\u00a0\u00bb global_colors_info=\u00a0\u00bb{}\u00a0\u00bb]<\/p>\n<p style=\"text-align: justify;\">Nanomakers a d\u00e9velopp\u00e9 des capacit\u00e9s de pr\u00e9paration de poudres nanocomposites haute performance au travers du projet Hiperco. Un protocole de pr\u00e9paration a \u00e9t\u00e9 d\u00e9fini \u00e0 l\u2019\u00e9chelle industrielle permettant d\u2019obtenir un m\u00e9lange stable et homog\u00e8ne ne pr\u00e9sentant pas de nanoparticules libres.<\/p>\n<p style=\"text-align: justify;\"><a target=\"_blank\" href=\"https:\/\/www.hiperco-project.eu\/\" rel=\"noopener\">https:\/\/www.hiperco-project.eu\/<\/a><\/p>\n<p>[\/et_pb_text][\/et_pb_column_inner][\/et_pb_row_inner][et_pb_row_inner column_structure=\u00a0\u00bb1_2,1_2&Prime; module_class=\u00a0\u00bbimage_aero\u00a0\u00bb _builder_version=\u00a0\u00bb4.16&Prime; _module_preset=\u00a0\u00bbdefault\u00a0\u00bb global_colors_info=\u00a0\u00bb{}\u00a0\u00bb][et_pb_column_inner type=\u00a0\u00bb1_2&Prime; saved_specialty_column_type=\u00a0\u00bb3_4&Prime; _builder_version=\u00a0\u00bb4.16&Prime; _module_preset=\u00a0\u00bbdefault\u00a0\u00bb global_colors_info=\u00a0\u00bb{}\u00a0\u00bb][et_pb_image src=\u00a0\u00bbhttps:\/\/nanomakers.fr\/wp-content\/uploads\/2021\/06\/Logo-Hiperco.png\u00a0\u00bb title_text=\u00a0\u00bbLogo Hiperco\u00a0\u00bb align=\u00a0\u00bbcenter\u00a0\u00bb _builder_version=\u00a0\u00bb4.16&Prime; _module_preset=\u00a0\u00bbdefault\u00a0\u00bb global_colors_info=\u00a0\u00bb{}\u00a0\u00bb][\/et_pb_image][\/et_pb_column_inner][et_pb_column_inner type=\u00a0\u00bb1_2&Prime; saved_specialty_column_type=\u00a0\u00bb3_4&Prime; _builder_version=\u00a0\u00bb4.16&Prime; _module_preset=\u00a0\u00bbdefault\u00a0\u00bb global_colors_info=\u00a0\u00bb{}\u00a0\u00bb][et_pb_image src=\u00a0\u00bbhttps:\/\/nanomakers.fr\/wp-content\/uploads\/2022\/03\/Al-nSiC-nanoparticles_MEB_site.png\u00a0\u00bb title_text=\u00a0\u00bbAl-nSiC nanoparticles_MEB_site\u00a0\u00bb align=\u00a0\u00bbcenter\u00a0\u00bb _builder_version=\u00a0\u00bb4.16&Prime; _module_preset=\u00a0\u00bbdefault\u00a0\u00bb width=\u00a0\u00bb72%\u00a0\u00bb global_colors_info=\u00a0\u00bb{}\u00a0\u00bb][\/et_pb_image][\/et_pb_column_inner][\/et_pb_row_inner][\/et_pb_column][et_pb_column type=\u00a0\u00bb1_4&Prime; _builder_version=\u00a0\u00bb4.16&Prime; custom_padding=\u00a0\u00bb|||\u00a0\u00bb global_colors_info=\u00a0\u00bb{}\u00a0\u00bb custom_padding__hover=\u00a0\u00bb|||\u00a0\u00bb][et_pb_text module_class=\u00a0\u00bbbarre_lat_pageetarticles\u00a0\u00bb _builder_version=\u00a0\u00bb4.16&Prime; _module_preset=\u00a0\u00bbdefault\u00a0\u00bb global_colors_info=\u00a0\u00bb{}\u00a0\u00bb]<\/p>\n<p class=\"widgettitle\">autour du sujet<\/p>\n<div class=\"pt-cv-wrapper et_smooth_scroll_disabled\"><div class=\"pt-cv-view pt-cv-grid pt-cv-colsys\" id=\"pt-cv-view-55795724jz\"><div data-id=\"pt-cv-page-1\" class=\"pt-cv-page\" data-cvc=\"1\"><div class=\"col-md-12 col-sm-6 col-xs-12 pt-cv-content-item pt-cv-2-col\"  data-pid=\"2602\"><div class='pt-cv-ifield'><a href=\"https:\/\/nanomakers.fr\/en\/methode-de-melange-des-poudres-micrometrique-et-nanometrique\/\" class=\"_self pt-cv-href-thumbnail pt-cv-thumb-left cvplbd cvp-responsive-image img-circle\" target=\"_self\" data-iw=\"32\" data-ih=\"32\"><img loading=\"lazy\" decoding=\"async\" width=\"1214\" height=\"911\" src=\"https:\/\/nanomakers.fr\/wp-content\/uploads\/2022\/03\/Al-nSiC-nanoparticles_MEB_site.png\" class=\"pt-cv-thumbnail img-circle pull-left\" alt=\"M\u00e9thodes de m\u00e9lange des poudres microm\u00e9trique et nanom\u00e9trique\" srcset=\"https:\/\/nanomakers.fr\/wp-content\/uploads\/2022\/03\/Al-nSiC-nanoparticles_MEB_site.png 1214w, https:\/\/nanomakers.fr\/wp-content\/uploads\/2022\/03\/Al-nSiC-nanoparticles_MEB_site-980x735.png 980w, https:\/\/nanomakers.fr\/wp-content\/uploads\/2022\/03\/Al-nSiC-nanoparticles_MEB_site-480x360.png 480w\" sizes=\"(min-width: 0px) and (max-width: 480px) 480px, (min-width: 481px) and (max-width: 980px) 980px, (min-width: 981px) 1214px, 100vw\" \/><\/a>\n<h4 class=\"pt-cv-title\"><a href=\"https:\/\/nanomakers.fr\/en\/methode-de-melange-des-poudres-micrometrique-et-nanometrique\/\" class=\"_self cvplbd\" target=\"_self\" data-iw=\"32\" data-ih=\"32\">M\u00e9thodes de m\u00e9lange des poudres microm\u00e9trique et nanom\u00e9trique<\/a><\/h4><\/div><\/div><\/div><\/div><\/div>\t\t\t<style type=\"text\/css\" id=\"pt-cv-inline-style-634b91a6bz\">#pt-cv-view-55795724jz .pt-cv-content-item { padding-right: 0px !important; padding-left: 0px !important; }\n#pt-cv-view-55795724jz  { margin-right: 0px !important; margin-left: 0px !important; }\n#pt-cv-view-55795724jz .pt-cv-ifield { padding-right: 0px !important; padding-left: 0px !important; }\n#pt-cv-view-55795724jz .pt-cv-title a, #pt-cv-view-55795724jz  .panel-title { font-size: 13px !important; line-height: 1.3 !important; }\n#pt-cv-view-55795724jz  .pt-cv-title a:hover, #pt-cv-view-55795724jz  .panel-title:hover   { font-size: 13px !important; line-height: 1.3 !important; }\n#pt-cv-view-55795724jz .pt-cv-content , #pt-cv-view-55795724jz  .pt-cv-content *:not(.pt-cv-readmore):not(style):not(script) { font-size: 13px !important; line-height: 1.3 !important; }\n#pt-cv-view-55795724jz .pt-cv-readmore  { color: #ffffff !important; background-color: #0058a6 !important; }\n#pt-cv-view-55795724jz .pt-cv-readmore:hover  { color: #ffffff !important; background-color: #0058a6 !important; }\n#pt-cv-view-55795724jz .cvp-responsive-image[style*=\"background-image\"] { width: 32px; max-height: 32px; overflow: hidden; aspect-ratio: 1 }\n#pt-cv-view-55795724jz .cvp-responsive-image img { max-width: 32px; max-height: 32px; aspect-ratio: 1 }<\/style>\r\n\t\t\t\n<p>&nbsp;<\/p>\n<p><span style=\"text-decoration: underline;\"><strong>Pages des produits :<\/strong><\/span><\/p>\n<p><a href=\"https:\/\/nanomakers.fr\/produits\/nano-carbure-de-silicium\/\">Nano Carbure de Silicium SiC<\/a><\/p>\n<p><span style=\"text-decoration: underline;\"><strong>Pages du site :<\/strong><\/span><\/p>\n<p><a href=\"https:\/\/nanomakers.fr\/services-et-projets\/developpement-des-applications\/\">Nano SiC, agent de renfort pour les matrices m\u00e9talliques<\/a><\/p>\n<p>&nbsp;<\/p>\n<p>[\/et_pb_text][\/et_pb_column][\/et_pb_section]<\/p>\n","protected":false},"excerpt":{"rendered":"<p>Reinforcing additives for CMC<br \/>\nThe nano SiC can be used as reinforcing agent for the manufacturing of Ceramic Matrix Composites (CMC), especially SiC\/SiC type.<\/p>","protected":false},"author":1,"featured_media":513,"parent":28,"menu_order":0,"comment_status":"closed","ping_status":"closed","template":"","meta":{"_acf_changed":false,"_et_pb_use_builder":"on","_et_pb_old_content":"<!-- wp:divi\/placeholder \/-->","_et_gb_content_width":"","inline_featured_image":false,"_monsterinsights_skip_tracking":false,"_monsterinsights_sitenote_active":false,"_monsterinsights_sitenote_note":"","_monsterinsights_sitenote_category":0,"footnotes":""},"class_list":["post-280","page","type-page","status-publish","has-post-thumbnail","hentry"],"acf":[],"aioseo_notices":[],"_links":{"self":[{"href":"https:\/\/nanomakers.fr\/en\/wp-json\/wp\/v2\/pages\/280","targetHints":{"allow":["GET"]}}],"collection":[{"href":"https:\/\/nanomakers.fr\/en\/wp-json\/wp\/v2\/pages"}],"about":[{"href":"https:\/\/nanomakers.fr\/en\/wp-json\/wp\/v2\/types\/page"}],"author":[{"embeddable":true,"href":"https:\/\/nanomakers.fr\/en\/wp-json\/wp\/v2\/users\/1"}],"replies":[{"embeddable":true,"href":"https:\/\/nanomakers.fr\/en\/wp-json\/wp\/v2\/comments?post=280"}],"version-history":[{"count":114,"href":"https:\/\/nanomakers.fr\/en\/wp-json\/wp\/v2\/pages\/280\/revisions"}],"predecessor-version":[{"id":2684,"href":"https:\/\/nanomakers.fr\/en\/wp-json\/wp\/v2\/pages\/280\/revisions\/2684"}],"up":[{"embeddable":true,"href":"https:\/\/nanomakers.fr\/en\/wp-json\/wp\/v2\/pages\/28"}],"wp:featuredmedia":[{"embeddable":true,"href":"https:\/\/nanomakers.fr\/en\/wp-json\/wp\/v2\/media\/513"}],"wp:attachment":[{"href":"https:\/\/nanomakers.fr\/en\/wp-json\/wp\/v2\/media?parent=280"}],"curies":[{"name":"wp","href":"https:\/\/api.w.org\/{rel}","templated":true}]}}