{"id":28,"date":"2021-05-10T07:40:53","date_gmt":"2021-05-10T05:40:53","guid":{"rendered":"https:\/\/nanomakers.fr\/?page_id=28"},"modified":"2024-02-02T10:09:11","modified_gmt":"2024-02-02T08:09:11","slug":"applications-nanopoudres","status":"publish","type":"page","link":"https:\/\/nanomakers.fr\/en\/","title":{"rendered":"SiC and Si nanopowders in industrial quantity"},"content":{"rendered":"<p>[et_pb_section fb_built=\u00a0\u00bb1&Prime; module_class=\u00a0\u00bbhome-banniere\u00a0\u00bb _builder_version=\u00a0\u00bb4.16&Prime; _dynamic_attributes=\u00a0\u00bbbackground_image\u00a0\u00bb _module_preset=\u00a0\u00bbdefault\u00a0\u00bb background_image=\u00a0\u00bb@ET-DC@eyJkeW5hbWljIjp0cnVlLCJjb250ZW50IjoicG9zdF9mZWF0dXJlZF9pbWFnZSIsInNldHRpbmdzIjp7fX0=@\u00a0\u00bb global_colors_info=\u00a0\u00bb{}\u00a0\u00bb][et_pb_row column_structure=\u00a0\u00bb1_2,1_4,1_4&Prime; make_equal=\u00a0\u00bbon\u00a0\u00bb _builder_version=\u00a0\u00bb4.16&Prime; _module_preset=\u00a0\u00bbdefault\u00a0\u00bb global_colors_info=\u00a0\u00bb{}\u00a0\u00bb][et_pb_column type=\u00a0\u00bb1_2&Prime; module_class=\u00a0\u00bbhome-banniere_left\u00a0\u00bb _builder_version=\u00a0\u00bb4.16&Prime; _module_preset=\u00a0\u00bbdefault\u00a0\u00bb global_colors_info=\u00a0\u00bb{}\u00a0\u00bb][et_pb_post_title meta=\u00a0\u00bboff\u00a0\u00bb featured_image=\u00a0\u00bboff\u00a0\u00bb module_class=\u00a0\u00bbhome-title\u00a0\u00bb _builder_version=\u00a0\u00bb4.16&Prime; _module_preset=\u00a0\u00bbdefault\u00a0\u00bb global_colors_info=\u00a0\u00bb{}\u00a0\u00bb][\/et_pb_post_title][\/et_pb_column][et_pb_column type=\u00a0\u00bb1_4&Prime; module_class=\u00a0\u00bbhome-banniere_case home-banniere_case_blanche\u00a0\u00bb _builder_version=\u00a0\u00bb4.16&Prime; _module_preset=\u00a0\u00bbdefault\u00a0\u00bb global_colors_info=\u00a0\u00bb{}\u00a0\u00bb][et_pb_text module_class=\u00a0\u00bbhome-case-txt\u00a0\u00bb _builder_version=\u00a0\u00bb4.16&Prime; _module_preset=\u00a0\u00bbdefault\u00a0\u00bb global_colors_info=\u00a0\u00bb{}\u00a0\u00bb]<\/p>\n<div class=\"nos_metiers\"><div class=\"pt-cv-wrapper et_smooth_scroll_disabled\">Error: View <strong>8104e22ug9<\/strong> may not exist<\/div><\/div>\n<p>[\/et_pb_text][\/et_pb_column][et_pb_column type=\u00a0\u00bb1_4&Prime; module_class=\u00a0\u00bbhome-banniere_excerpt\u00a0\u00bb _builder_version=\u00a0\u00bb4.16&Prime; _module_preset=\u00a0\u00bbdefault\u00a0\u00bb background_color=\u00a0\u00bb#FFFFFF\u00a0\u00bb global_colors_info=\u00a0\u00bb{}\u00a0\u00bb][et_pb_text module_class=\u00a0\u00bbarticle-extrait\u00a0\u00bb _builder_version=\u00a0\u00bb4.16&Prime; _module_preset=\u00a0\u00bbdefault\u00a0\u00bb global_colors_info=\u00a0\u00bb{}\u00a0\u00bb]<\/p>\n\n<p>[\/et_pb_text][\/et_pb_column][\/et_pb_row][\/et_pb_section][et_pb_section fb_built=\u00a0\u00bb1&Prime; _builder_version=\u00a0\u00bb4.16&Prime; _module_preset=\u00a0\u00bbdefault\u00a0\u00bb global_colors_info=\u00a0\u00bb{}\u00a0\u00bb][et_pb_row _builder_version=\u00a0\u00bb4.17.1&Prime; _module_preset=\u00a0\u00bbdefault\u00a0\u00bb global_colors_info=\u00a0\u00bb{}\u00a0\u00bb][et_pb_column type=\u00a0\u00bb4_4&Prime; _builder_version=\u00a0\u00bb4.17.1&Prime; _module_preset=\u00a0\u00bbdefault\u00a0\u00bb global_colors_info=\u00a0\u00bb{}\u00a0\u00bb][et_pb_text _builder_version=\u00a0\u00bb4.17.1&Prime; _module_preset=\u00a0\u00bbdefault\u00a0\u00bb global_colors_info=\u00a0\u00bb{}\u00a0\u00bb]<\/p>\n<h2>Industrial production of nanopowders<\/h2>\n<p class=\"soustitre_h2\">thanks to Laser Pyrolysis<\/p>\n<p>[\/et_pb_text][\/et_pb_column][\/et_pb_row][et_pb_row column_structure=\u00a0\u00bb2_3,1_3&Prime; _builder_version=\u00a0\u00bb4.17.1&Prime; _module_preset=\u00a0\u00bbdefault\u00a0\u00bb custom_margin=\u00a0\u00bb-20px|auto||auto|false|false\u00a0\u00bb global_colors_info=\u00a0\u00bb{}\u00a0\u00bb][et_pb_column type=\u00a0\u00bb2_3&Prime; _builder_version=\u00a0\u00bb4.16&Prime; _module_preset=\u00a0\u00bbdefault\u00a0\u00bb global_colors_info=\u00a0\u00bb{}\u00a0\u00bb][et_pb_text _builder_version=\u00a0\u00bb4.17.1&Prime; _module_preset=\u00a0\u00bbdefault\u00a0\u00bb global_colors_info=\u00a0\u00bb{}\u00a0\u00bb]<\/p>\n<p class=\"translation-block\"><b>Nanomakers<\/b> is a company who develops, produces and sells patented <b>silicon<\/b> based <b>nanometric powders<\/b> in <b>industrial quantity<\/b> for disruptive reinforcement of materials (elastomers, polymers, ceramics, metals) and the improvement of energy density of the anode in Lithium-ion batteries.<\/p>\n<p class=\"translation-block\">Discovered by MIT in 1980 and taken over by the CEA in 1985, the <b>LASER PYROLYSIS allows the <b>production of high purity nanopowders.<br \/><br \/><\/p>\n<p>After 25 years of development at the CEA, the technology (unique in the world), licensed and used by Nanomakers since 2010 and allows it to produce nanoparticles at a\u00a0<b>industrial scale<\/b>\u00a0since 2012.<\/p>\n<p>[\/et_pb_text][et_pb_text _builder_version=\u00a0\u00bb4.16&Prime; _module_preset=\u00a0\u00bbdefault\u00a0\u00bb text_orientation=\u00a0\u00bbcenter\u00a0\u00bb global_colors_info=\u00a0\u00bb{}\u00a0\u00bb]<\/p>\n<h2>Innovative nanomaterials<\/h2>\n<p class=\"soustitre_h2\">in use in various applications<\/p>\n<p style=\"text-align: left;\" class=\"translation-block\">The <b>silicon carbide (SiC) and Silicon (Si) nanopowders<\/b> produced by <b>Nanomakers<\/b> increase significantly the performances of industrial materials.<\/p>\n<p style=\"text-align: left;\" class=\"translation-block\">The nano SiC can increase the <b>mechanical, thermal and chemical resistances of materials<\/b> such as elastomers, polymers, ceramics, metals, composites...<\/p>\n<p style=\"text-align: left;\" class=\"translation-block\">The Si or carbon coated Si can improve the <b>energy density of Lithium-ion batteries<\/b>.<\/p>\n<p>[\/et_pb_text][\/et_pb_column][et_pb_column type=\u00a0\u00bb1_3&Prime; _builder_version=\u00a0\u00bb4.16&Prime; _module_preset=\u00a0\u00bbdefault\u00a0\u00bb global_colors_info=\u00a0\u00bb{}\u00a0\u00bb][et_pb_video src=\u00a0\u00bbhttps:\/\/nanomakers.fr\/wp-content\/uploads\/2022\/02\/We-design-for-your-business-EN.mp4&Prime; image_src=\u00a0\u00bbhttps:\/\/nanomakers.fr\/wp-content\/uploads\/2022\/04\/ecran_video_presentation.png\u00a0\u00bb _builder_version=\u00a0\u00bb4.17.1&Prime; _module_preset=\u00a0\u00bbdefault\u00a0\u00bb global_colors_info=\u00a0\u00bb{}\u00a0\u00bb][\/et_pb_video][\/et_pb_column][\/et_pb_row][et_pb_row module_class=\u00a0\u00bbfullwidthzone\u00a0\u00bb _builder_version=\u00a0\u00bb4.16&Prime; _module_preset=\u00a0\u00bbdefault\u00a0\u00bb custom_margin=\u00a0\u00bb30px||||false|false\u00a0\u00bb global_colors_info=\u00a0\u00bb{}\u00a0\u00bb][et_pb_column type=\u00a0\u00bb4_4&Prime; _builder_version=\u00a0\u00bb4.16&Prime; _module_preset=\u00a0\u00bbdefault\u00a0\u00bb global_colors_info=\u00a0\u00bb{}\u00a0\u00bb][et_pb_code _builder_version=\u00a0\u00bb4.16&Prime; _module_preset=\u00a0\u00bbdefault\u00a0\u00bb global_colors_info=\u00a0\u00bb{}\u00a0\u00bb]<div class=\"pt-cv-wrapper et_smooth_scroll_disabled\">Error: View <strong>d8758102kt<\/strong> may not exist<\/div>[\/et_pb_code][et_pb_button button_url=\u00a0\u00bbhttps:\/\/nanomakers.fr\/actualites\/actualite\/\u00a0\u00bb button_text=\u00a0\u00bbToutes nos actualit\u00e9s\u00a0\u00bb button_alignment=\u00a0\u00bbcenter\u00a0\u00bb _builder_version=\u00a0\u00bb4.16&Prime; _module_preset=\u00a0\u00bbdefault\u00a0\u00bb custom_button=\u00a0\u00bbon\u00a0\u00bb button_text_color=\u00a0\u00bb#0058a6&Prime; button_use_icon=\u00a0\u00bboff\u00a0\u00bb global_colors_info=\u00a0\u00bb{}\u00a0\u00bb][\/et_pb_button][\/et_pb_column][\/et_pb_row][et_pb_row column_structure=\u00a0\u00bb2_5,3_5&Prime; make_equal=\u00a0\u00bbon\u00a0\u00bb _builder_version=\u00a0\u00bb4.16&Prime; _module_preset=\u00a0\u00bbdefault\u00a0\u00bb global_colors_info=\u00a0\u00bb{}\u00a0\u00bb][et_pb_column type=\u00a0\u00bb2_5&Prime; module_class=\u00a0\u00bbzone_form_brochure\u00a0\u00bb _builder_version=\u00a0\u00bb4.16&Prime; _module_preset=\u00a0\u00bbdefault\u00a0\u00bb background_color=\u00a0\u00bb#c6c6c6&Prime; global_colors_info=\u00a0\u00bb{}\u00a0\u00bb][et_pb_code module_class=\u00a0\u00bbform_v2_brochure\u00a0\u00bb _builder_version=\u00a0\u00bb4.16&Prime; _module_preset=\u00a0\u00bbdefault\u00a0\u00bb background_enable_color=\u00a0\u00bboff\u00a0\u00bb global_colors_info=\u00a0\u00bb{}\u00a0\u00bb][\/et_pb_code][\/et_pb_column][et_pb_column type=\u00a0\u00bb3_5&Prime; _builder_version=\u00a0\u00bb4.16&Prime; _module_preset=\u00a0\u00bbdefault\u00a0\u00bb global_colors_info=\u00a0\u00bb{}\u00a0\u00bb][et_pb_text _builder_version=\u00a0\u00bb4.16&Prime; _module_preset=\u00a0\u00bbdefault\u00a0\u00bb text_orientation=\u00a0\u00bbcenter\u00a0\u00bb global_colors_info=\u00a0\u00bb{}\u00a0\u00bb]<\/p>\n<h2>Innovative markets and applications<\/h2>\n<p class=\"soustitre_h2\">for nanomaterials<\/p>\n<p style=\"text-align: left;\">Silicon carbide (SiC) nanopowders are compatible with a wide range of materials. This makes it a material of choice that any kind of industry can use to strengthen existing materials or develop new ones.<\/p>\n<p style=\"text-align: left;\">The same goes for Silicon or Silicon coated nanopowders (Si\/Si\u03a9C).<\/p>\n<p>[\/et_pb_text][et_pb_text _builder_version=\u00a0\u00bb4.16&Prime; _module_preset=\u00a0\u00bbdefault\u00a0\u00bb text_orientation=\u00a0\u00bbcenter\u00a0\u00bb global_colors_info=\u00a0\u00bb{}\u00a0\u00bb]<\/p>\n<h2>A disruptive improvement<\/h2>\n<p class=\"soustitre_h2\">thanks to nanomaterials<\/p>\n<p style=\"text-align: left;\">All materials industries are concerned with the decisive improvement of its products and the development of solutions for sustainable development. Each of the major markets involved in the use of nano SiC will find solutions for:<\/p>\n<p>[\/et_pb_text][et_pb_text module_class=\u00a0\u00bbtxt_en_case\u00a0\u00bb _builder_version=\u00a0\u00bb4.16&Prime; _module_preset=\u00a0\u00bbdefault\u00a0\u00bb global_colors_info=\u00a0\u00bb{}\u00a0\u00bb]<\/p>\n<p>Optimizing existing materials and developing future materials<\/p>\n<p>[\/et_pb_text][et_pb_text module_class=\u00a0\u00bbtxt_en_case\u00a0\u00bb _builder_version=\u00a0\u00bb4.16&Prime; _module_preset=\u00a0\u00bbdefault\u00a0\u00bb global_colors_info=\u00a0\u00bb{}\u00a0\u00bb]<\/p>\n<p>Preserving natural resources and participating in sustainable development<\/p>\n<p>[\/et_pb_text][et_pb_text _builder_version=\u00a0\u00bb4.16&Prime; _module_preset=\u00a0\u00bbdefault\u00a0\u00bb text_orientation=\u00a0\u00bbcenter\u00a0\u00bb global_colors_info=\u00a0\u00bb{}\u00a0\u00bb]<\/p>\n<h2>Innovative development projects<\/h2>\n<p class=\"soustitre_h2\">supported by partners<\/p>\n<p style=\"text-align: left;\">The development projects that Nanomakers participates in are many and various. Thanks to the support of our partners, we are working to make these innovative projects a reality, which can bring real progress to the targeted markets.<\/p>\n<p style=\"text-align: left;\">Par exemple, Nanomakers a re\u00e7u les subventions venant du programme de recherche et d&rsquo;innovation Horizon H2020 de l&rsquo;Union europ\u00e9en, avec l&rsquo;accord de subvention No\u00a0880701.<\/p>\n<p>[\/et_pb_text][et_pb_image src=\u00a0\u00bbhttps:\/\/nanomakers.fr\/wp-content\/uploads\/2023\/05\/Logo-EU.jpg\u00a0\u00bb title_text=\u00a0\u00bbLogo EU\u00a0\u00bb align=\u00a0\u00bbcenter\u00a0\u00bb _builder_version=\u00a0\u00bb4.17.1&Prime; _module_preset=\u00a0\u00bbdefault\u00a0\u00bb global_colors_info=\u00a0\u00bb{}\u00a0\u00bb][\/et_pb_image][\/et_pb_column][\/et_pb_row][\/et_pb_section]<\/p>","protected":false},"excerpt":{"rendered":"<p><div class=\"pt-cv-wrapper et_smooth_scroll_disabled\">Error: View <strong>8104e22ug9<\/strong> may not exist<\/div>Production industrielle de nanopoudres gr\u00e2ce \u00e0 la Pyrolyse LaserNanomakers est une entreprise qui con\u00e7oit, produit et commercialise en quantit\u00e9s industrielles des poudres nanom\u00e9triques brevet\u00e9es \u00e0 base silicium pour le renforcement disruptif des mat\u00e9riaux (\u00e9lastom\u00e8res, polym\u00e8res, c\u00e9ramiques, m\u00e9taux) et l&rsquo;am\u00e9lioration de la densit\u00e9 \u00e9nerg\u00e9tique de l&rsquo;anode dans les batteries Lithium-ion. D\u00e9couverte au MIT en [&hellip;]<\/p>","protected":false},"author":1,"featured_media":2903,"parent":0,"menu_order":0,"comment_status":"closed","ping_status":"closed","template":"","meta":{"_acf_changed":false,"_et_pb_use_builder":"on","_et_pb_old_content":"","_et_gb_content_width":"","inline_featured_image":false,"_monsterinsights_skip_tracking":false,"_monsterinsights_sitenote_active":false,"_monsterinsights_sitenote_note":"","_monsterinsights_sitenote_category":0,"footnotes":""},"class_list":["post-28","page","type-page","status-publish","has-post-thumbnail","hentry"],"acf":[],"aioseo_notices":[],"_links":{"self":[{"href":"https:\/\/nanomakers.fr\/en\/wp-json\/wp\/v2\/pages\/28","targetHints":{"allow":["GET"]}}],"collection":[{"href":"https:\/\/nanomakers.fr\/en\/wp-json\/wp\/v2\/pages"}],"about":[{"href":"https:\/\/nanomakers.fr\/en\/wp-json\/wp\/v2\/types\/page"}],"author":[{"embeddable":true,"href":"https:\/\/nanomakers.fr\/en\/wp-json\/wp\/v2\/users\/1"}],"replies":[{"embeddable":true,"href":"https:\/\/nanomakers.fr\/en\/wp-json\/wp\/v2\/comments?post=28"}],"version-history":[{"count":0,"href":"https:\/\/nanomakers.fr\/en\/wp-json\/wp\/v2\/pages\/28\/revisions"}],"wp:featuredmedia":[{"embeddable":true,"href":"https:\/\/nanomakers.fr\/en\/wp-json\/wp\/v2\/media\/2903"}],"wp:attachment":[{"href":"https:\/\/nanomakers.fr\/en\/wp-json\/wp\/v2\/media?parent=28"}],"curies":[{"name":"wp","href":"https:\/\/api.w.org\/{rel}","templated":true}]}}