{"id":1139,"date":"2021-12-20T16:45:51","date_gmt":"2021-12-20T14:45:51","guid":{"rendered":"https:\/\/nanomakers.fr\/?page_id=1139"},"modified":"2022-04-26T12:07:00","modified_gmt":"2022-04-26T10:07:00","slug":"entreprise-innovante","status":"publish","type":"page","link":"https:\/\/nanomakers.fr\/en\/a-propos\/entreprise-innovante\/","title":{"rendered":"Innovative company"},"content":{"rendered":"<p>[et_pb_section fb_built=\u00a0\u00bb1&Prime; module_class=\u00a0\u00bbhome-banniere\u00a0\u00bb _builder_version=\u00a0\u00bb4.9.2&Prime; _dynamic_attributes=\u00a0\u00bbbackground_image\u00a0\u00bb _module_preset=\u00a0\u00bbdefault\u00a0\u00bb background_image=\u00a0\u00bb@ET-DC@eyJkeW5hbWljIjp0cnVlLCJjb250ZW50IjoicG9zdF9mZWF0dXJlZF9pbWFnZSIsInNldHRpbmdzIjp7fX0=@\u00a0\u00bb global_module=\u00a0\u00bb964&Prime; global_colors_info=\u00a0\u00bb{}\u00a0\u00bb][et_pb_row column_structure=\u00a0\u00bb1_2,1_2&Prime; make_equal=\u00a0\u00bbon\u00a0\u00bb _builder_version=\u00a0\u00bb4.16&Prime; _module_preset=\u00a0\u00bbdefault\u00a0\u00bb global_colors_info=\u00a0\u00bb{}\u00a0\u00bb][et_pb_column type=\u00a0\u00bb1_2&Prime; module_class=\u00a0\u00bbarticle-banniere_left\u00a0\u00bb _builder_version=\u00a0\u00bb4.16&Prime; _module_preset=\u00a0\u00bbdefault\u00a0\u00bb global_colors_info=\u00a0\u00bb{}\u00a0\u00bb][et_pb_post_title meta=\u00a0\u00bboff\u00a0\u00bb featured_image=\u00a0\u00bboff\u00a0\u00bb module_class=\u00a0\u00bbarticle-title\u00a0\u00bb _builder_version=\u00a0\u00bb4.16&Prime; _module_preset=\u00a0\u00bbdefault\u00a0\u00bb global_colors_info=\u00a0\u00bb{}\u00a0\u00bb][\/et_pb_post_title][\/et_pb_column][et_pb_column type=\u00a0\u00bb1_2&Prime; module_class=\u00a0\u00bbarticle-banniere_excerpt\u00a0\u00bb _builder_version=\u00a0\u00bb4.16&Prime; _module_preset=\u00a0\u00bbdefault\u00a0\u00bb background_color=\u00a0\u00bb#FFFFFF\u00a0\u00bb global_colors_info=\u00a0\u00bb{}\u00a0\u00bb][et_pb_text module_class=\u00a0\u00bbarticle-extrait articlepage-extrait\u00a0\u00bb _builder_version=\u00a0\u00bb4.16&Prime; _module_preset=\u00a0\u00bbdefault\u00a0\u00bb global_colors_info=\u00a0\u00bb{}\u00a0\u00bb]<\/p>\n<h2>Nanomakers<\/h2>\n<h4 class=\"soustitre_h2\">une entreprise innovante des nanotechnologies<\/h4>\n<p>Cr\u00e9\u00e9e en janvier 2010, Nanomakers con\u00e7oit, produit et commercialise des nanopoudres de carbure de silicium (NMSiC) et de silicium pure ou enrob\u00e9 de carbone (NMSi \/ NMSi\u03a9C). Ces nanopoudres de haute qualit\u00e9 permettent d&rsquo;accro\u00eetre de fa\u00e7on d\u00e9cisive les performances m\u00e9caniques, thermiques et chimiques de nombreux mat\u00e9riaux utilis\u00e9s dans diff\u00e9rents secteurs industriels (semiconducteurs, batteries Lithium-ion, a\u00e9rospatial, automobile, etc.\u2026).<\/p>\n\n<p>[\/et_pb_text][\/et_pb_column][\/et_pb_row][\/et_pb_section][et_pb_section fb_built=\u00a0\u00bb1&Prime; _builder_version=\u00a0\u00bb4.16&Prime; _module_preset=\u00a0\u00bbdefault\u00a0\u00bb hover_enabled=\u00a0\u00bb0&Prime; global_colors_info=\u00a0\u00bb{}\u00a0\u00bb sticky_enabled=\u00a0\u00bb0&Prime;][et_pb_row _builder_version=\u00a0\u00bb4.16&Prime; _module_preset=\u00a0\u00bbdefault\u00a0\u00bb global_colors_info=\u00a0\u00bb{}\u00a0\u00bb][et_pb_column type=\u00a0\u00bb4_4&Prime; _builder_version=\u00a0\u00bb4.16&Prime; _module_preset=\u00a0\u00bbdefault\u00a0\u00bb global_colors_info=\u00a0\u00bb{}\u00a0\u00bb][et_pb_text _builder_version=\u00a0\u00bb4.16&Prime; _module_preset=\u00a0\u00bbdefault\u00a0\u00bb global_colors_info=\u00a0\u00bb{}\u00a0\u00bb]<\/p>\n<h2>De la recherche fondamentale<\/h2>\n<h3 class=\"soustitre_h2\">\u00e0 la cr\u00e9ation d\u2019une entreprise industrielle<\/h3>\n<p>[\/et_pb_text][et_pb_text _builder_version=\u00a0\u00bb4.17.1&Prime; _module_preset=\u00a0\u00bbdefault\u00a0\u00bb global_colors_info=\u00a0\u00bb{}\u00a0\u00bb]<\/p>\n<p>Issue d&rsquo;une recherche sur les nanopoudres et leur production men\u00e9e depuis 20 ans au CEA, et dont Nanomakers est l&rsquo;exclusif d\u00e9positaire, l&rsquo;entreprise b\u00e9n\u00e9ficie d&rsquo;une avance de 5 ann\u00e9es sur toute autre technologie concurrente au niveau mondial.<\/p>\n<p>Cet enracinement historique au CEA, ainsi que l&rsquo;exploitation de l&rsquo;ensemble des brevets et du savoir-faire, a permis \u00e0 Nanomakers, d\u00e8s sa cr\u00e9ation, de disposer d&rsquo;un portefeuille produit op\u00e9rationnel et commercialisable.<\/p>\n<p>Ce portefeuille couvre l&rsquo;int\u00e9gralit\u00e9 de la cha\u00eene de valeur industrielle et comprend une gamme de nanopoudres \u00ab sur mesure \u00bb, un proc\u00e9d\u00e9 stabilis\u00e9 de production ainsi qu&rsquo;une offre de conteneurs pour la mise en forme et le transport des poudres vers les clients.<\/p>\n<p>[\/et_pb_text][et_pb_image src=\u00a0\u00bbhttps:\/\/nanomakers.fr\/wp-content\/uploads\/2022\/01\/parc_gaz.jpg\u00a0\u00bb title_text=\u00a0\u00bbparc_gaz\u00a0\u00bb align=\u00a0\u00bbcenter\u00a0\u00bb _builder_version=\u00a0\u00bb4.16&Prime; _module_preset=\u00a0\u00bbdefault\u00a0\u00bb global_colors_info=\u00a0\u00bb{}\u00a0\u00bb][\/et_pb_image][\/et_pb_column][\/et_pb_row][et_pb_row _builder_version=\u00a0\u00bb4.17.1&Prime; _module_preset=\u00a0\u00bbdefault\u00a0\u00bb custom_margin=\u00a0\u00bb20px|auto||auto|false|false\u00a0\u00bb custom_padding=\u00a0\u00bb||||false|false\u00a0\u00bb global_colors_info=\u00a0\u00bb{}\u00a0\u00bb][et_pb_column type=\u00a0\u00bb4_4&Prime; _builder_version=\u00a0\u00bb4.16&Prime; _module_preset=\u00a0\u00bbdefault\u00a0\u00bb global_colors_info=\u00a0\u00bb{}\u00a0\u00bb][et_pb_text _builder_version=\u00a0\u00bb4.16&Prime; _module_preset=\u00a0\u00bbdefault\u00a0\u00bb custom_margin=\u00a0\u00bb3px||||false|false\u00a0\u00bb global_colors_info=\u00a0\u00bb{}\u00a0\u00bb]<\/p>\n<h2>Un d\u00e9ploiement \u00e0 l\u2019international<\/h2>\n<p>[\/et_pb_text][et_pb_text _builder_version=\u00a0\u00bb4.16&Prime; _module_preset=\u00a0\u00bbdefault\u00a0\u00bb global_colors_info=\u00a0\u00bb{}\u00a0\u00bb]<\/p>\n<p>Nanomakers s\u2019adresse \u00e0 l\u2019ensemble des industriels d\u00e9sirant am\u00e9liorer les mat\u00e9riaux existants et en d\u00e9velopper de nouveaux. La soci\u00e9t\u00e9 distribue ses produits dans le monde en distinguant 3 grandes zones commerciales : Europe, Asie et Am\u00e9riques.<\/p>\n<p>[\/et_pb_text][\/et_pb_column][\/et_pb_row][et_pb_row column_structure=\u00a0\u00bb3_5,2_5&Prime; _builder_version=\u00a0\u00bb4.16&Prime; _module_preset=\u00a0\u00bbdefault\u00a0\u00bb global_colors_info=\u00a0\u00bb{}\u00a0\u00bb][et_pb_column type=\u00a0\u00bb3_5&Prime; _builder_version=\u00a0\u00bb4.16&Prime; _module_preset=\u00a0\u00bbdefault\u00a0\u00bb global_colors_info=\u00a0\u00bb{}\u00a0\u00bb][et_pb_image src=\u00a0\u00bbhttps:\/\/nanomakers.fr\/wp-content\/uploads\/2022\/01\/carte_monde.png\u00a0\u00bb title_text=\u00a0\u00bbcarte_monde\u00a0\u00bb _builder_version=\u00a0\u00bb4.16&Prime; _module_preset=\u00a0\u00bbdefault\u00a0\u00bb global_colors_info=\u00a0\u00bb{}\u00a0\u00bb][\/et_pb_image][\/et_pb_column][et_pb_column type=\u00a0\u00bb2_5&Prime; _builder_version=\u00a0\u00bb4.16&Prime; _module_preset=\u00a0\u00bbdefault\u00a0\u00bb global_colors_info=\u00a0\u00bb{}\u00a0\u00bb][et_pb_text _builder_version=\u00a0\u00bb4.16&Prime; _module_preset=\u00a0\u00bbdefault\u00a0\u00bb global_colors_info=\u00a0\u00bb{}\u00a0\u00bb]<\/p>\n<h3>Europe<\/h3>\n<p>Nanomakers s\u2019appuie sur sa connaissance du tissu industriel europ\u00e9en pour s\u2019adresser \u00e0 ses clients potentiels en direct.<\/p>\n<p>[\/et_pb_text][et_pb_text _builder_version=\u00a0\u00bb4.16&Prime; _module_preset=\u00a0\u00bbdefault\u00a0\u00bb global_colors_info=\u00a0\u00bb{}\u00a0\u00bb]<\/p>\n<h3>Asie<\/h3>\n<p>NANOMAKERS JAPAN (filiale de Nanomakers) s\u2019appuie sur un r\u00e9seau relationnel fort d\u2019acteurs dans les technologies de pointe pour assurer la prospection et la commercialisation des produits de NANOMAKERS, aupr\u00e8s des grands comptes de l\u2019industrie des mat\u00e9riaux ou des utilisateurs finaux.<\/p>\n<p>[\/et_pb_text][et_pb_text _builder_version=\u00a0\u00bb4.16&Prime; _module_preset=\u00a0\u00bbdefault\u00a0\u00bb global_colors_info=\u00a0\u00bb{}\u00a0\u00bb]<\/p>\n<h3>Am\u00e9rique<\/h3>\n<p>NANOMAKERS s\u2019adresse en direct aux industriels situ\u00e9s dans la zone de l\u2019Am\u00e9rique.[\/et_pb_text][\/et_pb_column][\/et_pb_row][et_pb_row _builder_version=\u00a0\u00bb4.16&Prime; _module_preset=\u00a0\u00bbdefault\u00a0\u00bb global_colors_info=\u00a0\u00bb{}\u00a0\u00bb][et_pb_column type=\u00a0\u00bb4_4&Prime; _builder_version=\u00a0\u00bb4.16&Prime; _module_preset=\u00a0\u00bbdefault\u00a0\u00bb global_colors_info=\u00a0\u00bb{}\u00a0\u00bb][et_pb_text _builder_version=\u00a0\u00bb4.16&Prime; _module_preset=\u00a0\u00bbdefault\u00a0\u00bb global_colors_info=\u00a0\u00bb{}\u00a0\u00bb]<\/p>\n<h3>Agents de distribution<\/h3>\n<p>NANOMAKERS compte aussi sur ses agents de distribution \u00e0 travers le monde pour tisser des liens \u00e9troits avec ses clients au niveau local et aussi pour apporter les assistances techniques et commerciales n\u00e9cessaires.[\/et_pb_text][\/et_pb_column][\/et_pb_row][\/et_pb_section]<\/p>\n","protected":false},"excerpt":{"rendered":"<p><h2>Nanomakers<\/h2>\n<h4 class=\"soustitre_h2\">une entreprise innovante des nanotechnologies<\/h4>\n<p>Cr\u00e9\u00e9e en janvier 2010, Nanomakers con\u00e7oit, produit et commercialise des nanopoudres de carbure de silicium (NMSiC) et de silicium pure ou enrob\u00e9 de carbone (NMSi \/ NMSi\u03a9C). Ces nanopoudres de haute qualit\u00e9 permettent d&rsquo;accro\u00eetre de fa\u00e7on d\u00e9cisive les performances m\u00e9caniques, thermiques et chimiques de nombreux mat\u00e9riaux utilis\u00e9s dans diff\u00e9rents secteurs industriels (semiconducteurs, batteries Lithium-ion, a\u00e9rospatial, automobile, etc.\u2026).<\/p>\nDe la recherche fondamentale \u00e0 la cr\u00e9ation d\u2019une entreprise industrielleIssue d&rsquo;une recherche sur les nanopoudres et leur production men\u00e9e depuis 20 ans au CEA, et dont Nanomakers est l&rsquo;exclusif d\u00e9positaire, l&rsquo;entreprise b\u00e9n\u00e9ficie d&rsquo;une avance de 5 ann\u00e9es sur toute autre technologie concurrente au niveau mondial. Cet enracinement historique au CEA, ainsi que l&rsquo;exploitation de [&hellip;]<\/p>\n","protected":false},"author":1,"featured_media":2505,"parent":51,"menu_order":0,"comment_status":"closed","ping_status":"closed","template":"","meta":{"_acf_changed":false,"_et_pb_use_builder":"on","_et_pb_old_content":"","_et_gb_content_width":"","inline_featured_image":false,"_monsterinsights_skip_tracking":false,"_monsterinsights_sitenote_active":false,"_monsterinsights_sitenote_note":"","_monsterinsights_sitenote_category":0,"footnotes":""},"class_list":["post-1139","page","type-page","status-publish","has-post-thumbnail","hentry"],"acf":[],"aioseo_notices":[],"_links":{"self":[{"href":"https:\/\/nanomakers.fr\/en\/wp-json\/wp\/v2\/pages\/1139","targetHints":{"allow":["GET"]}}],"collection":[{"href":"https:\/\/nanomakers.fr\/en\/wp-json\/wp\/v2\/pages"}],"about":[{"href":"https:\/\/nanomakers.fr\/en\/wp-json\/wp\/v2\/types\/page"}],"author":[{"embeddable":true,"href":"https:\/\/nanomakers.fr\/en\/wp-json\/wp\/v2\/users\/1"}],"replies":[{"embeddable":true,"href":"https:\/\/nanomakers.fr\/en\/wp-json\/wp\/v2\/comments?post=1139"}],"version-history":[{"count":19,"href":"https:\/\/nanomakers.fr\/en\/wp-json\/wp\/v2\/pages\/1139\/revisions"}],"predecessor-version":[{"id":2519,"href":"https:\/\/nanomakers.fr\/en\/wp-json\/wp\/v2\/pages\/1139\/revisions\/2519"}],"up":[{"embeddable":true,"href":"https:\/\/nanomakers.fr\/en\/wp-json\/wp\/v2\/pages\/51"}],"wp:featuredmedia":[{"embeddable":true,"href":"https:\/\/nanomakers.fr\/en\/wp-json\/wp\/v2\/media\/2505"}],"wp:attachment":[{"href":"https:\/\/nanomakers.fr\/en\/wp-json\/wp\/v2\/media?parent=1139"}],"curies":[{"name":"wp","href":"https:\/\/api.w.org\/{rel}","templated":true}]}}